{"id":11,"date":"2023-09-15T10:49:22","date_gmt":"2023-09-15T10:49:22","guid":{"rendered":"https:\/\/nursefinder.eu\/my-account\/"},"modified":"2024-07-19T09:37:09","modified_gmt":"2024-07-19T09:37:09","slug":"as-an-employer","status":"publish","type":"page","link":"https:\/\/nursefinder.eu\/de\/as-an-employer\/","title":{"rendered":"Arbeitgeber"},"content":{"rendered":"<div data-elementor-type=\"wp-page\" data-elementor-id=\"11\" class=\"elementor elementor-11\">\n\t\t\t\t<div class=\"elementor-element elementor-element-0b33bcf e-flex e-con-boxed wd-section-disabled e-con e-parent\" data-id=\"0b33bcf\" data-element_type=\"container\" data-e-type=\"container\">\n\t\t\t\t\t<div class=\"e-con-inner\">\n\t\t\t\t<div class=\"elementor-element elementor-element-0e9cdbb elementor-widget elementor-widget-wd_title\" data-id=\"0e9cdbb\" data-element_type=\"widget\" data-e-type=\"widget\" data-widget_type=\"wd_title.default\">\n\t\t\t\t<div class=\"elementor-widget-container\">\n\t\t\t\t\t\t\t<div class=\"title-wrapper set-mb-s reset-last-child wd-title-color-default wd-title-style-default wd-title-size-default text-center\">\n\n\t\t\t\n\t\t\t<div class=\"liner-continer\">\n\t\t\t\t<h4 class=\"woodmart-title-container title wd-fontsize-l\">Wir bieten Ihre L\u00f6sung f\u00fcr die internationale Personalrekrutierung<\/h4> \n\t\t\t\t\t\t\t<\/div>\n\n\t\t\t\t\t<\/div>\n\t\t\t\t\t\t<\/div>\n\t\t\t\t<\/div>\n\t\t\t\t<div class=\"elementor-element elementor-element-ba08357 elementor-widget elementor-widget-wd_text_block\" data-id=\"ba08357\" data-element_type=\"widget\" data-e-type=\"widget\" data-widget_type=\"wd_text_block.default\">\n\t\t\t\t<div class=\"elementor-widget-container\">\n\t\t\t\t\t\t\t<div class=\"wd-text-block reset-last-child text-left\">\n\t\t\t\n\t\t\t<p>Die umfassende Personall\u00f6sung von Nurse Finder und die qualifizierten indischen Gesundheitsfachkr\u00e4fte erm\u00f6glichen es Ihnen, sich auf Ihre Hauptaufgabe zu konzentrieren Ihren Kunden hochwertige Gesundheitsdienstleistungen anzubieten.<\/p>\n<p>Wir sind auf die internationale Rekrutierung aus Indien spezialisiert. Indien bietet einen ethischen Rekrutierungsstandort f\u00fcr europ\u00e4ische Arbeitgeber im Gesundheitswesen, die sich f\u00fcr faire Rekrutierung einsetzen. <\/p>\n\t\t\t\t\t<\/div>\n\t\t\t\t\t\t<\/div>\n\t\t\t\t<\/div>\n\t\t\t\t<div class=\"elementor-element elementor-element-0b471b9 elementor-widget elementor-widget-wd_image_or_svg\" data-id=\"0b471b9\" data-element_type=\"widget\" data-e-type=\"widget\" data-widget_type=\"wd_image_or_svg.default\">\n\t\t\t\t<div class=\"elementor-widget-container\">\n\t\t\t\t\t\n\t\t<div class=\"wd-image text-left\">\n\t\t\t\t\t\t\t\t<img fetchpriority=\"high\" decoding=\"async\" width=\"1531\" height=\"220\" src=\"https:\/\/nursefinder.eu\/wp-content\/uploads\/2023\/12\/Many-Indian-nurses.png\" class=\"attachment-full size-full\" alt=\"\" srcset=\"https:\/\/nursefinder.eu\/wp-content\/uploads\/2023\/12\/Many-Indian-nurses.png 1531w, https:\/\/nursefinder.eu\/wp-content\/uploads\/2023\/12\/Many-Indian-nurses-400x57.png 400w, https:\/\/nursefinder.eu\/wp-content\/uploads\/2023\/12\/Many-Indian-nurses-1300x187.png 1300w, https:\/\/nursefinder.eu\/wp-content\/uploads\/2023\/12\/Many-Indian-nurses-768x110.png 768w, https:\/\/nursefinder.eu\/wp-content\/uploads\/2023\/12\/Many-Indian-nurses-860x124.png 860w, https:\/\/nursefinder.eu\/wp-content\/uploads\/2023\/12\/Many-Indian-nurses-430x62.png 430w, https:\/\/nursefinder.eu\/wp-content\/uploads\/2023\/12\/Many-Indian-nurses-700x101.png 700w, https:\/\/nursefinder.eu\/wp-content\/uploads\/2023\/12\/Many-Indian-nurses-150x22.png 150w\" sizes=\"(max-width: 1531px) 100vw, 1531px\" \/>\t\t\t\t\t<\/div>\n\n\t\t\t\t\t\t<\/div>\n\t\t\t\t<\/div>\n\t\t\t\t\t<\/div>\n\t\t\t\t<\/div>\n\t\t<div class=\"elementor-element elementor-element-7a282b9 e-flex e-con-boxed wd-section-disabled e-con e-parent\" data-id=\"7a282b9\" data-element_type=\"container\" data-e-type=\"container\">\n\t\t\t\t\t<div class=\"e-con-inner\">\n\t\t\t\t<div class=\"elementor-element elementor-element-70274f6 elementor-widget elementor-widget-wd_text_block\" data-id=\"70274f6\" data-element_type=\"widget\" data-e-type=\"widget\" data-widget_type=\"wd_text_block.default\">\n\t\t\t\t<div class=\"elementor-widget-container\">\n\t\t\t\t\t\t\t<div class=\"wd-text-block reset-last-child text-left\">\n\t\t\t\n\t\t\t<h4><span style=\"color: #c55a11;\">Warum Indien?<\/span><\/h4><p>Indien ist weltweit das zweitgr\u00f6\u00dfte Herkunftsland eingewanderter Krankenpflegekr\u00e4fte. Fast eine Million indische Gesundheitsfachkr\u00e4fte arbeiten au\u00dferhalb der Grenzen Indiens. Indien\u2019s Kultur Kultur und menschliche Einstellung unterst\u00fctzt die arbeitsbedingte Auswanderung. Geld, das aus dem Ausland in die Heimat geschickt wird, dient dem Wohlergehen der ganzen Familie und ist zudem eine bedeutende Devisenquelle f\u00fcr den Staat.<\/p><p>In Indien gibt es fast 500 Millionen gebildete englischsprachige Menschen unter 35 Jahren (1\/3 der Bev\u00f6lkerung), und vor allem junge Frauen haben Schwierigkeiten, in Indien Arbeit zu finden. Aus diesem Grund hat die indische Regierung beschlossen, das Bildungsniveau zu verbessern und die Besch\u00e4ftigung indischer Fachkr\u00e4fte in westlichen L\u00e4ndern zu f\u00f6rdern. Die indische Regierung hat die Vision, Indien zur \u201eKompetenzhauptstadt der Welt\u201c zu machen.<\/p><p>Daher hat die Bundesregierung Indien als einen ihrer Hauptpartner bei der Entwicklung der ethischen Personalrekrutierung au\u00dferhalb des EU\/ETA-Raums ausgew\u00e4hlt.<span style=\"font-size: 14px; background-color: var(--wd-main-bgcolor); color: var(--wd-text-color);\"><\/span><\/p>\n\t\t\t\t\t<\/div>\n\t\t\t\t\t\t<\/div>\n\t\t\t\t<\/div>\n\t\t\t\t<div class=\"elementor-element elementor-element-1d14b48 elementor-widget elementor-widget-wd_text_block\" data-id=\"1d14b48\" data-element_type=\"widget\" data-e-type=\"widget\" data-widget_type=\"wd_text_block.default\">\n\t\t\t\t<div class=\"elementor-widget-container\">\n\t\t\t\t\t\t\t<div class=\"wd-text-block reset-last-child text-left\">\n\t\t\t\n\t\t\t<h4><span style=\"color: #c55a11;\">Warum Nurse Finder?<\/span><\/h4><p>Nurse Finder verf\u00fcgt \u00fcber fundierte Erfahrung in der Abwicklung aller Prozessschritte der internationalen Rekrutierung sowohl in Indien als auch in Europa: Wir haben seit 2020 bereits mehr als 300 Pflegekr\u00e4fte von Indien bis Finnland rekrutiert. Deutschland ist ein neues Ziel f\u00fcr Nurse Finder.<\/p><p>Nurse Finder ist sowohl in Deutschland als auch in Indien der lokale Betreiber \u2013 wir k\u00fcmmern uns selbst um alle Prozessschritte und minimieren so potenziellen Missbrauch und unethische Behandlung des Gesundheitspersonals.<\/p><p>Wir bekennen uns zu den Grunds\u00e4tzen des G\u00fctesiegels \u201eFaire Anwerbung Pflege Deutschland\u201c, dem Globalen Verhaltenskodex der WHO f\u00fcr die internationale Rekrutierung von Gesundheitspersonal, den allgemeinen Grunds\u00e4tzen und operativen Richtlinien f\u00fcr faire Rekrutierung der Internationalen Arbeitsorganisation ILO, den ILO Kernarbeitsnormen sowie der internationalen UN-Menschenrechtskonvention und den UN-Leitprinzipien und f\u00fcr Wirtschaft und Menschenrechte.\nWir arbeiten nur mit Arbeitgebern und Gesch\u00e4ftspartnern zusammen, die sich denselben Grunds\u00e4tzen verpflichten. Weitere Informationen finden Sie in den Allgemeinen Gesch\u00e4ftsbedingungen von Nurse Finder (Link in der Fu\u00dfzeile).<a href=\"https:\/\/www.faire-anwerbung-pflege-deutschland.de\/\">Faire Anwerbung Pflege Deutschland\", dem Globalen Verhaltenskodex der WHO f\u00fcr die internationale Rekrutierung von Gesundheitspersonal, den allgemeinen Grunds\u00e4tzen und operativen Richtlinien f\u00fcr faire Rekrutierung der Internationalen Arbeitsorganisation ILO, den ILO Kernarbeitsnormen sowie der inter<\/a>nationalen UN-<a href=\"https:\/\/www.who.int\/publications\/i\/item\/wha68.32\">Menschenrechtskonvention und den UN-Leitprinzipien und f\u00fcr Wirtschaft und Menschenrechte. W<\/a>ir arbeiten nur mit Arbeitgebern und G<a href=\"https:\/\/www.ilo.org\/sites\/default\/files\/wcmsp5\/groups\/public\/@ed_protect\/@protrav\/@migrant\/documents\/publication\/wcms_703485.pdf\">esch\u00e4ftspartnern zusamm<\/a>men, die sich den<a href=\"https:\/\/www.un.org\/en\/global-issues\/human-rights#:~:text=It%20sets%20out%2C%20for%20the,States%20and%20many%20new%20democracies.\">selben Grunds\u00e4tzen verpflichten<\/a>. Weitere Informationen finden Sie in den Allgemeinen Gesch\u00e4fts<a href=\"https:\/\/www.ohchr.org\/sites\/default\/files\/Documents\/Publications\/GuidingPrinciplesBusinessHR_EN.pdf\">be<\/a>dingungen v<a href=\"https:\/\/www.ilo.org\/international-labour-standards\/publications-international-labour-standards\">on Nurse<\/a>\u201d. We work only with such employers and business partners who commit to the same principles. More information can be found in Nurse Finder's General Business Terms and Conditions\" (link in footer).<\/p><p>Wir kommunizieren w\u00e4hrend des gesamten Prozesses direkt mit Ihnen und den Pflegekr\u00e4ften \u2013 von der Rekrutierung in Indien bis zum Leben und Arbeiten in Deutschland. Dadurch wird ein reibungsloser Informationsfluss gew\u00e4hrleistet und viele Herausforderungen im Prozess werden vermieden<\/p>\n\t\t\t\t\t<\/div>\n\t\t\t\t\t\t<\/div>\n\t\t\t\t<\/div>\n\t\t\t\t\t<\/div>\n\t\t\t\t<\/div>\n\t\t<div class=\"elementor-element elementor-element-607bca9 e-flex e-con-boxed wd-section-disabled e-con e-parent\" data-id=\"607bca9\" data-element_type=\"container\" data-e-type=\"container\">\n\t\t\t\t\t<div class=\"e-con-inner\">\n\t\t\t\t<div class=\"elementor-element elementor-element-9680e97 elementor-widget elementor-widget-button\" data-id=\"9680e97\" data-element_type=\"widget\" data-e-type=\"widget\" data-widget_type=\"button.default\">\n\t\t\t\t<div class=\"elementor-widget-container\">\n\t\t\t\t\t\t\t\t\t<div class=\"elementor-button-wrapper\">\n\t\t\t\t\t<a class=\"elementor-button elementor-button-link elementor-size-sm\" href=\"https:\/\/nursefinder.eu\/de\/our-approach\/\">\n\t\t\t\t\t\t<span class=\"elementor-button-content-wrapper\">\n\t\t\t\t\t\t\t\t\t<span class=\"elementor-button-text\">Mehr erfahren<\/span>\n\t\t\t\t\t<\/span>\n\t\t\t\t\t<\/a>\n\t\t\t\t<\/div>\n\t\t\t\t\t\t\t\t<\/div>\n\t\t\t\t<\/div>\n\t\t\t\t<div class=\"elementor-element elementor-element-3a5a417 elementor-widget elementor-widget-wd_social_buttons\" data-id=\"3a5a417\" data-element_type=\"widget\" data-e-type=\"widget\" data-widget_type=\"wd_social_buttons.default\">\n\t\t\t\t<div class=\"elementor-widget-container\">\n\t\t\t\t\t\n\t\t\t<div class=\"wd-social-icons icons-design-default icons-size-default color-scheme-dark social-share social-form-circle text-center\">\n\n\t\t\t\t\n\t\t\t\t\t\t\t\t\t<a rel=\"noopener noreferrer nofollow\" href=\"https:\/\/www.facebook.com\/sharer\/sharer.php?u=https:\/\/nursefinder.eu\/de\/as-an-employer\/\" target=\"_blank\" class=\"wd-social-icon social-facebook\" aria-label=\"Facebook social link\">\n\t\t\t\t\t\t<span class=\"wd-icon\"><\/span>\n\t\t\t\t\t\t\t\t\t\t\t<\/a>\n\t\t\t\t\n\t\t\t\t\t\t\t\t\t<a rel=\"noopener noreferrer nofollow\" href=\"https:\/\/twitter.com\/share?url=https:\/\/nursefinder.eu\/de\/as-an-employer\/\" target=\"_blank\" class=\"wd-social-icon social-twitter\" aria-label=\"Twitter social link\">\n\t\t\t\t\t\t<span class=\"wd-icon\"><\/span>\n\t\t\t\t\t\t\t\t\t\t\t<\/a>\n\t\t\t\t\n\t\t\t\t\n\t\t\t\t\n\t\t\t\t\n\t\t\t\t\t\t\t\t\t<a rel=\"noopener noreferrer nofollow\" href=\"https:\/\/pinterest.com\/pin\/create\/button\/?url=https:\/\/nursefinder.eu\/de\/as-an-employer\/&media=https:\/\/nursefinder.eu\/wp-includes\/images\/media\/default.svg&description=As+an+Employer\" target=\"_blank\" class=\"wd-social-icon social-pinterest\" aria-label=\"Pinterest social link\">\n\t\t\t\t\t\t<span class=\"wd-icon\"><\/span>\n\t\t\t\t\t\t\t\t\t\t\t<\/a>\n\t\t\t\t\n\t\t\t\t\n\t\t\t\t\t\t\t\t\t<a rel=\"noopener noreferrer nofollow\" href=\"https:\/\/www.linkedin.com\/shareArticle?mini=true&url=https:\/\/nursefinder.eu\/de\/as-an-employer\/\" target=\"_blank\" class=\"wd-social-icon social-linkedin\" aria-label=\"Linkedin social link\">\n\t\t\t\t\t\t<span class=\"wd-icon\"><\/span>\n\t\t\t\t\t\t\t\t\t\t\t<\/a>\n\t\t\t\t\n\t\t\t\t\n\t\t\t\t\n\t\t\t\t\n\t\t\t\t\n\t\t\t\t\n\t\t\t\t\n\t\t\t\t\n\t\t\t\t\n\t\t\t\t\n\t\t\t\t\t\t\t\t\n\t\t\t\t\t\t\t\t\n\t\t\t\t\n\t\t\t\t\n\t\t\t\t\t\t\t\t\t<a rel=\"noopener noreferrer nofollow\" href=\"https:\/\/telegram.me\/share\/url?url=https:\/\/nursefinder.eu\/de\/as-an-employer\/\" target=\"_blank\" class=\"wd-social-icon social-tg\" aria-label=\"Telegram social link\">\n\t\t\t\t\t\t<span class=\"wd-icon\"><\/span>\n\t\t\t\t\t\t\t\t\t\t\t<\/a>\n\t\t\t\t\t\t\t\t\n\t\t\t\t\n\t\t\t<\/div>\n\n\t\t\t\t\t\t<\/div>\n\t\t\t\t<\/div>\n\t\t\t\t\t<\/div>\n\t\t\t\t<\/div>\n\t\t\t\t<\/div>","protected":false},"excerpt":{"rendered":"<p>We are Your Solution for International Recruitment Nurse Finder\u2019s end-to-end manpower solution and skilled Indian healthcare professionals allow you to<\/p>","protected":false},"author":1,"featured_media":0,"parent":0,"menu_order":0,"comment_status":"closed","ping_status":"closed","template":"","meta":{"footnotes":""},"class_list":["post-11","page","type-page","status-publish","hentry"],"_links":{"self":[{"href":"https:\/\/nursefinder.eu\/de\/wp-json\/wp\/v2\/pages\/11","targetHints":{"allow":["GET"]}}],"collection":[{"href":"https:\/\/nursefinder.eu\/de\/wp-json\/wp\/v2\/pages"}],"about":[{"href":"https:\/\/nursefinder.eu\/de\/wp-json\/wp\/v2\/types\/page"}],"author":[{"embeddable":true,"href":"https:\/\/nursefinder.eu\/de\/wp-json\/wp\/v2\/users\/1"}],"replies":[{"embeddable":true,"href":"https:\/\/nursefinder.eu\/de\/wp-json\/wp\/v2\/comments?post=11"}],"version-history":[{"count":28,"href":"https:\/\/nursefinder.eu\/de\/wp-json\/wp\/v2\/pages\/11\/revisions"}],"predecessor-version":[{"id":16432,"href":"https:\/\/nursefinder.eu\/de\/wp-json\/wp\/v2\/pages\/11\/revisions\/16432"}],"wp:attachment":[{"href":"https:\/\/nursefinder.eu\/de\/wp-json\/wp\/v2\/media?parent=11"}],"curies":[{"name":"wp","href":"https:\/\/api.w.org\/{rel}","templated":true}]}}