{"id":15594,"date":"2023-09-15T11:54:03","date_gmt":"2023-09-15T11:54:03","guid":{"rendered":"https:\/\/nursefinder.eu\/?page_id=15594"},"modified":"2023-11-30T13:03:30","modified_gmt":"2023-11-30T13:03:30","slug":"testimonials","status":"publish","type":"page","link":"https:\/\/nursefinder.eu\/de\/testimonials\/","title":{"rendered":"REFERENZEN"},"content":{"rendered":"<div data-elementor-type=\"wp-page\" data-elementor-id=\"15594\" class=\"elementor elementor-15594\">\n\t\t\t\t<div class=\"elementor-element elementor-element-ceb5ad5 e-flex e-con-boxed wd-section-disabled e-con e-parent\" data-id=\"ceb5ad5\" data-element_type=\"container\" data-e-type=\"container\">\n\t\t\t\t\t<div class=\"e-con-inner\">\n\t\t\t\t<div class=\"elementor-element elementor-element-c04461b elementor-widget elementor-widget-wd_title\" data-id=\"c04461b\" data-element_type=\"widget\" data-e-type=\"widget\" data-widget_type=\"wd_title.default\">\n\t\t\t\t<div class=\"elementor-widget-container\">\n\t\t\t\t\t\t\t<div class=\"title-wrapper set-mb-s reset-last-child wd-title-color-default wd-title-style-default wd-title-size-extra-large text-center\">\n\n\t\t\t\n\t\t\t<div class=\"liner-continer\">\n\t\t\t\t<h2 class=\"woodmart-title-container title wd-fontsize-xxxl\">Krankenschwestern sprechen<\/h2> \n\t\t\t\t\t\t\t<\/div>\n\n\t\t\t\t\t<\/div>\n\t\t\t\t\t\t<\/div>\n\t\t\t\t<\/div>\n\t\t\t\t\t<\/div>\n\t\t\t\t<\/div>\n\t\t<div class=\"elementor-element elementor-element-32d6a5b e-flex e-con-boxed wd-section-disabled e-con e-parent\" data-id=\"32d6a5b\" data-element_type=\"container\" data-e-type=\"container\">\n\t\t\t\t\t<div class=\"e-con-inner\">\n\t\t\t\t<div class=\"elementor-element elementor-element-324cdf3 elementor-widget__width-inherit elementor-widget elementor-widget-testimonial\" data-id=\"324cdf3\" data-element_type=\"widget\" data-e-type=\"widget\" data-widget_type=\"testimonial.default\">\n\t\t\t\t<div class=\"elementor-widget-container\">\n\t\t\t\t\t\t\t<div class=\"elementor-testimonial-wrapper\">\n\t\t\t\t\t\t\t<div class=\"elementor-testimonial-content\">Ich bin ANSU ALAMMA JAMES, Krankenschwester und arbeite in Finnland.\n\n<br>NURSE FINDER team helped me throughout the process &amp; also still they are continuing their services.\n\n<br>W\u00e4hrend des Vorstellungsgespr\u00e4chs hatte ich nie das Gef\u00fchl, dass es sich um ein offizielles Vorstellungsgespr\u00e4ch handelte, es war wie ein freundliches Gespr\u00e4ch, aber dadurch wurden meine Sprach- und Pflegekenntnisse beurteilt.<\/br>\n\n<br>Vielen Dank \u2013 \u201eNurse Finder Family\u201c<\/div>\n\t\t\t\n\t\t\t\t\t\t<div class=\"elementor-testimonial-meta elementor-has-image elementor-testimonial-image-position-aside\">\n\t\t\t\t<div class=\"elementor-testimonial-meta-inner\">\n\t\t\t\t\t\t\t\t\t\t\t<div class=\"elementor-testimonial-image\">\n\t\t\t\t\t\t\t<img decoding=\"async\" width=\"130\" height=\"130\" src=\"https:\/\/nursefinder.eu\/wp-content\/uploads\/2023\/09\/ansu-james.jpg\" class=\"attachment-full size-full wp-image-15743\" alt=\"\" \/>\t\t\t\t\t\t<\/div>\n\t\t\t\t\t\n\t\t\t\t\t\t\t\t\t\t<div class=\"elementor-testimonial-details\">\n\t\t\t\t\t\t\t\t\t\t\t\t\t\t<div class=\"elementor-testimonial-name\">ANSU JAMES<\/div>\n\t\t\t\t\t\t\t\t\t\t\t\t\t\t\t\t\t\t\t\t\t\t<div class=\"elementor-testimonial-job\">HEINOLA - FINLAND<\/div>\n\t\t\t\t\t\t\t\t\t\t\t\t\t<\/div>\n\t\t\t\t\t\t\t\t\t<\/div>\n\t\t\t<\/div>\n\t\t\t\t\t<\/div>\n\t\t\t\t\t\t<\/div>\n\t\t\t\t<\/div>\n\t\t\t\t\t<\/div>\n\t\t\t\t<\/div>\n\t\t<div class=\"elementor-element elementor-element-4ad3e79 e-flex e-con-boxed wd-section-disabled e-con e-parent\" data-id=\"4ad3e79\" data-element_type=\"container\" data-e-type=\"container\">\n\t\t\t\t\t<div class=\"e-con-inner\">\n\t\t\t\t<div class=\"elementor-element elementor-element-57d37ea elementor-widget__width-inherit elementor-widget elementor-widget-testimonial\" data-id=\"57d37ea\" data-element_type=\"widget\" data-e-type=\"widget\" data-widget_type=\"testimonial.default\">\n\t\t\t\t<div class=\"elementor-widget-container\">\n\t\t\t\t\t\t\t<div class=\"elementor-testimonial-wrapper\">\n\t\t\t\t\t\t\t<div class=\"elementor-testimonial-content\">Ich bin \u00fcber NURSE FINDER nach FINNLAND gekommen.\n\n<br>Sie organisierten Finnischkurse f\u00fcr uns. Ihr Interviewstil war wirklich anders und f\u00fchlte sich sehr angenehm an.<\/br>\n\n<br>Sie haben mir von Anfang an w\u00e4hrend des gesamten Prozesses geholfen.\n\n<br>Auch wenn mein Verfahren abgeschlossen ist und ich Finnland erreicht habe, k\u00f6nnen wir uns f\u00fcr unsere beruflichen und pers\u00f6nlichen Bed\u00fcrfnisse immer noch an sie wenden.<\/br>\n\n<br>Meiner Meinung nach ist ihr Service unglaublich.<\/div>\n\t\t\t\n\t\t\t\t\t\t<div class=\"elementor-testimonial-meta elementor-has-image elementor-testimonial-image-position-aside\">\n\t\t\t\t<div class=\"elementor-testimonial-meta-inner\">\n\t\t\t\t\t\t\t\t\t\t\t<div class=\"elementor-testimonial-image\">\n\t\t\t\t\t\t\t<img decoding=\"async\" width=\"130\" height=\"130\" src=\"https:\/\/nursefinder.eu\/wp-content\/uploads\/2023\/09\/linta-thomas.jpg\" class=\"attachment-full size-full wp-image-15820\" alt=\"\" \/>\t\t\t\t\t\t<\/div>\n\t\t\t\t\t\n\t\t\t\t\t\t\t\t\t\t<div class=\"elementor-testimonial-details\">\n\t\t\t\t\t\t\t\t\t\t\t\t\t\t<div class=\"elementor-testimonial-name\">LINTA THOMAS<\/div>\n\t\t\t\t\t\t\t\t\t\t\t\t\t\t\t\t\t\t\t\t\t\t<div class=\"elementor-testimonial-job\">HAAPAJARVI - FINLAND<\/div>\n\t\t\t\t\t\t\t\t\t\t\t\t\t<\/div>\n\t\t\t\t\t\t\t\t\t<\/div>\n\t\t\t<\/div>\n\t\t\t\t\t<\/div>\n\t\t\t\t\t\t<\/div>\n\t\t\t\t<\/div>\n\t\t\t\t\t<\/div>\n\t\t\t\t<\/div>\n\t\t<div class=\"elementor-element elementor-element-1b414af e-flex e-con-boxed wd-section-disabled e-con e-parent\" data-id=\"1b414af\" data-element_type=\"container\" data-e-type=\"container\">\n\t\t\t\t\t<div class=\"e-con-inner\">\n\t\t\t\t<div class=\"elementor-element elementor-element-f3f7724 elementor-widget__width-inherit elementor-widget elementor-widget-testimonial\" data-id=\"f3f7724\" data-element_type=\"widget\" data-e-type=\"widget\" data-widget_type=\"testimonial.default\">\n\t\t\t\t<div class=\"elementor-widget-container\">\n\t\t\t\t\t\t\t<div class=\"elementor-testimonial-wrapper\">\n\t\t\t\t\t\t\t<div class=\"elementor-testimonial-content\">Hallo, mein Name ist MARIAMMA GEORGE. Ich lebe derzeit in FINNLAND.\n\n<br>Finland is an amazing place blessed with its beauty of the nature, clean-safe &amp; peaceful atmosphere and lovely people around us.<\/br>\n\n<br>Dar\u00fcber hinaus ist das Arbeitsumfeld in Finnland f\u00fcr jeden neuen Menschen von au\u00dferhalb einladend.<\/br>\n\n<br>Ich m\u00f6chte NURSE FINDER meinen tiefen Dank aussprechen, die mir die M\u00f6glichkeit gegeben haben, hierher zu kommen.\nIch freue mich sehr hier zu sein. Meine besten W\u00fcnsche an alle, die hier her kommen m\u00f6chten.\n\n<br>Lasst Euch diese Chance nicht entgehen...<\/br>\n\n<br>Don't miss this chance...<\/div>\n\t\t\t\n\t\t\t\t\t\t<div class=\"elementor-testimonial-meta elementor-has-image elementor-testimonial-image-position-aside\">\n\t\t\t\t<div class=\"elementor-testimonial-meta-inner\">\n\t\t\t\t\t\t\t\t\t\t\t<div class=\"elementor-testimonial-image\">\n\t\t\t\t\t\t\t<img decoding=\"async\" width=\"130\" height=\"130\" src=\"https:\/\/nursefinder.eu\/wp-content\/uploads\/2023\/09\/mariamma-george.jpg\" class=\"attachment-full size-full wp-image-15821\" alt=\"\" \/>\t\t\t\t\t\t<\/div>\n\t\t\t\t\t\n\t\t\t\t\t\t\t\t\t\t<div class=\"elementor-testimonial-details\">\n\t\t\t\t\t\t\t\t\t\t\t\t\t\t<div class=\"elementor-testimonial-name\">MARIAMMA GEORGE<\/div>\n\t\t\t\t\t\t\t\t\t\t\t\t\t\t\t\t\t\t\t\t\t\t<div class=\"elementor-testimonial-job\">PIEKSAMAKI - FINLAND<\/div>\n\t\t\t\t\t\t\t\t\t\t\t\t\t<\/div>\n\t\t\t\t\t\t\t\t\t<\/div>\n\t\t\t<\/div>\n\t\t\t\t\t<\/div>\n\t\t\t\t\t\t<\/div>\n\t\t\t\t<\/div>\n\t\t\t\t\t<\/div>\n\t\t\t\t<\/div>\n\t\t<div class=\"elementor-element elementor-element-354cfd9 e-flex e-con-boxed wd-section-disabled e-con e-parent\" data-id=\"354cfd9\" data-element_type=\"container\" data-e-type=\"container\">\n\t\t\t\t\t<div class=\"e-con-inner\">\n\t\t\t\t<div class=\"elementor-element elementor-element-2b87c9e elementor-widget__width-inherit elementor-widget elementor-widget-testimonial\" data-id=\"2b87c9e\" data-element_type=\"widget\" data-e-type=\"widget\" data-widget_type=\"testimonial.default\">\n\t\t\t\t<div class=\"elementor-widget-container\">\n\t\t\t\t\t\t\t<div class=\"elementor-testimonial-wrapper\">\n\t\t\t\t\t\t\t<div class=\"elementor-testimonial-content\">Hallo, ich bin PAULOSE KURIEN. Ich bin \u00fcber Nurse Finder nach FINNLAND gelangt.\n\n<br>Derzeit arbeite ich im n\u00f6rdlichen Teil des Landes. Finnland, das gl\u00fccklichste Land der Welt, hei\u00dft Einwanderer herzlich willkommen und unterst\u00fctzt sie. Der staatliche Schwerpunkt auf Work-Life-Balance und auch die Regeln sind so formuliert, dass die personellen Ressourcen zum beiderseitigen Nutzen genutzt werden.\n\n<br>Ich spreche NURSE FINDER meinen aufrichtigen Dank daf\u00fcr aus, dass er mir mit der frischen und freundlichen Atmosph\u00e4re den Weg in diese neue Welt geebnet haben.<\/div>\n\t\t\t\n\t\t\t\t\t\t<div class=\"elementor-testimonial-meta elementor-has-image elementor-testimonial-image-position-aside\">\n\t\t\t\t<div class=\"elementor-testimonial-meta-inner\">\n\t\t\t\t\t\t\t\t\t\t\t<div class=\"elementor-testimonial-image\">\n\t\t\t\t\t\t\t<img loading=\"lazy\" decoding=\"async\" width=\"130\" height=\"130\" src=\"https:\/\/nursefinder.eu\/wp-content\/uploads\/2023\/09\/paulose-kurien.jpg\" class=\"attachment-full size-full wp-image-15822\" alt=\"\" \/>\t\t\t\t\t\t<\/div>\n\t\t\t\t\t\n\t\t\t\t\t\t\t\t\t\t<div class=\"elementor-testimonial-details\">\n\t\t\t\t\t\t\t\t\t\t\t\t\t\t<div class=\"elementor-testimonial-name\">PAULOSE KURIEN<\/div>\n\t\t\t\t\t\t\t\t\t\t\t\t\t\t\t\t\t\t\t\t\t\t<div class=\"elementor-testimonial-job\">KUUSAMO - FINLAND<\/div>\n\t\t\t\t\t\t\t\t\t\t\t\t\t<\/div>\n\t\t\t\t\t\t\t\t\t<\/div>\n\t\t\t<\/div>\n\t\t\t\t\t<\/div>\n\t\t\t\t\t\t<\/div>\n\t\t\t\t<\/div>\n\t\t\t\t\t<\/div>\n\t\t\t\t<\/div>\n\t\t<div class=\"elementor-element elementor-element-90b568d e-flex e-con-boxed wd-section-disabled e-con e-parent\" data-id=\"90b568d\" data-element_type=\"container\" data-e-type=\"container\">\n\t\t\t\t\t<div class=\"e-con-inner\">\n\t\t\t\t<div class=\"elementor-element elementor-element-c297197 elementor-widget__width-inherit elementor-widget elementor-widget-testimonial\" data-id=\"c297197\" data-element_type=\"widget\" data-e-type=\"widget\" data-widget_type=\"testimonial.default\">\n\t\t\t\t<div class=\"elementor-widget-container\">\n\t\t\t\t\t\t\t<div class=\"elementor-testimonial-wrapper\">\n\t\t\t\t\t\t\t<div class=\"elementor-testimonial-content\">Die Zusammenarbeit mit NURSE FINDER verlief sehr gut. Das Unternehmen ist leicht zu erreichen und hilft und unterst\u00fctzt sowohl die Arbeitnehmer als auch den Arbeitgeber in jeder Situation. Das Personal von NURSE FINDER ist ab dem Auswahlprozess in Indien beteiligt und die Zusammenarbeit wird hier in FINNLAND fortgesetzt.<\/br>\n\n\n<br>Die enge Zusammenarbeit mit denselben Personen w\u00e4hrend des gesamten Prozesses schafft Sicherheit und Vertrauen f\u00fcr die Mitarbeiter, die in ein fremdes Land wechseln, sowie f\u00fcr die Parteien, die Arbeitsm\u00f6glichkeiten anbieten. NURSE FINDER kennt die Natur der indischen Krankenpflegeausbildung und den Besch\u00e4ftigungshintergrund von Menschen, die nach Finnland migrieren. Dies sichert qualifizierte Mitarbeiter, die f\u00fcr den Arbeitgeber von gro\u00dfer Bedeutung sind. NURSE FINDER ist ein Unternehmen der richtigen Gr\u00f6\u00dfe, bei dem am gesamten Prozess dieselben Personen beteiligt sind. Dies macht die Zusammenarbeit reibungslos und zuverl\u00e4ssig und, was am wichtigsten ist, es verleiht den Abl\u00e4ufen ein menschliches Gesicht.<\/br><\/div>\n\t\t\t\n\t\t\t\t\t\t<div class=\"elementor-testimonial-meta elementor-has-image elementor-testimonial-image-position-aside\">\n\t\t\t\t<div class=\"elementor-testimonial-meta-inner\">\n\t\t\t\t\t\t\t\t\t\t\t<div class=\"elementor-testimonial-image\">\n\t\t\t\t\t\t\t<img loading=\"lazy\" decoding=\"async\" width=\"130\" height=\"130\" src=\"https:\/\/nursefinder.eu\/wp-content\/uploads\/2023\/09\/satu-kunnari.jpg\" class=\"attachment-full size-full wp-image-15823\" alt=\"\" \/>\t\t\t\t\t\t<\/div>\n\t\t\t\t\t\n\t\t\t\t\t\t\t\t\t\t<div class=\"elementor-testimonial-details\">\n\t\t\t\t\t\t\t\t\t\t\t\t\t\t<div class=\"elementor-testimonial-name\">SATU KUNNARI<\/div>\n\t\t\t\t\t\t\t\t\t\t\t\t\t\t\t\t\t\t\t\t\t\t<div class=\"elementor-testimonial-job\">NURSE MENTOR - CITY OF KUUSAMO<\/div>\n\t\t\t\t\t\t\t\t\t\t\t\t\t<\/div>\n\t\t\t\t\t\t\t\t\t<\/div>\n\t\t\t<\/div>\n\t\t\t\t\t<\/div>\n\t\t\t\t\t\t<\/div>\n\t\t\t\t<\/div>\n\t\t\t\t<div class=\"elementor-element elementor-element-dbadf1f elementor-widget elementor-widget-button\" data-id=\"dbadf1f\" data-element_type=\"widget\" data-e-type=\"widget\" data-widget_type=\"button.default\">\n\t\t\t\t<div class=\"elementor-widget-container\">\n\t\t\t\t\t\t\t\t\t<div class=\"elementor-button-wrapper\">\n\t\t\t\t\t<a class=\"elementor-button elementor-button-link elementor-size-sm\" href=\"https:\/\/nursefinder.eu\/de\/contact-us\/\">\n\t\t\t\t\t\t<span class=\"elementor-button-content-wrapper\">\n\t\t\t\t\t\t\t\t\t<span class=\"elementor-button-text\">Mehr erfahren<\/span>\n\t\t\t\t\t<\/span>\n\t\t\t\t\t<\/a>\n\t\t\t\t<\/div>\n\t\t\t\t\t\t\t\t<\/div>\n\t\t\t\t<\/div>\n\t\t\t\t\t<\/div>\n\t\t\t\t<\/div>\n\t\t\t\t<\/div>","protected":false},"excerpt":{"rendered":"<p>Nurses Speak, Let&#8217;s Listen I&#8217;m ANSU ALAMMA JAMES, nurse working in Finland. NURSE FINDER team helped me throughout the process<\/p>","protected":false},"author":1,"featured_media":0,"parent":0,"menu_order":0,"comment_status":"closed","ping_status":"closed","template":"","meta":{"footnotes":""},"class_list":["post-15594","page","type-page","status-publish","hentry"],"_links":{"self":[{"href":"https:\/\/nursefinder.eu\/de\/wp-json\/wp\/v2\/pages\/15594","targetHints":{"allow":["GET"]}}],"collection":[{"href":"https:\/\/nursefinder.eu\/de\/wp-json\/wp\/v2\/pages"}],"about":[{"href":"https:\/\/nursefinder.eu\/de\/wp-json\/wp\/v2\/types\/page"}],"author":[{"embeddable":true,"href":"https:\/\/nursefinder.eu\/de\/wp-json\/wp\/v2\/users\/1"}],"replies":[{"embeddable":true,"href":"https:\/\/nursefinder.eu\/de\/wp-json\/wp\/v2\/comments?post=15594"}],"version-history":[{"count":70,"href":"https:\/\/nursefinder.eu\/de\/wp-json\/wp\/v2\/pages\/15594\/revisions"}],"predecessor-version":[{"id":16206,"href":"https:\/\/nursefinder.eu\/de\/wp-json\/wp\/v2\/pages\/15594\/revisions\/16206"}],"wp:attachment":[{"href":"https:\/\/nursefinder.eu\/de\/wp-json\/wp\/v2\/media?parent=15594"}],"curies":[{"name":"wp","href":"https:\/\/api.w.org\/{rel}","templated":true}]}}