{"id":4400,"date":"2023-09-12T15:51:09","date_gmt":"2023-09-12T15:51:09","guid":{"rendered":"http:\/\/dummy.xtemos.com\/woodmart2\/elementor\/?page_id=4400"},"modified":"2024-03-18T08:14:22","modified_gmt":"2024-03-18T08:14:22","slug":"about-us","status":"publish","type":"page","link":"https:\/\/nursefinder.eu\/de\/about-us\/","title":{"rendered":"\u00dcBER UNS"},"content":{"rendered":"<div data-elementor-type=\"wp-page\" data-elementor-id=\"4400\" class=\"elementor elementor-4400\">\n\t\t\t\t<div class=\"elementor-element elementor-element-f9ee3ad e-flex e-con-boxed wd-section-disabled e-con e-parent\" data-id=\"f9ee3ad\" data-element_type=\"container\" data-e-type=\"container\">\n\t\t\t\t\t<div class=\"e-con-inner\">\n\t\t<div class=\"elementor-element elementor-element-77a1689 e-con-full e-flex wd-section-disabled e-con e-child\" data-id=\"77a1689\" data-element_type=\"container\" data-e-type=\"container\">\n\t\t\t\t<div class=\"elementor-element elementor-element-51259c3 elementor-widget elementor-widget-wd_text_block\" data-id=\"51259c3\" data-element_type=\"widget\" data-e-type=\"widget\" data-widget_type=\"wd_text_block.default\">\n\t\t\t\t<div class=\"elementor-widget-container\">\n\t\t\t\t\t\t\t<div class=\"wd-text-block reset-last-child text-left\">\n\t\t\t\n\t\t\t<h1><span style=\"color: #c55a11;\">Nurse Finder<\/span><\/h1><h5>Wir bieten Rekrutierungsdienstleistungen f\u00fcr Gesundheitsdienstleister in Europa an und sind auf die faire und ethische Rekrutierung von Gesundheitsfachkr\u00e4ften aus Indien spezialisiert.<\/h5><h5>Unsere St\u00e4rke liegt in unserem Netzwerk von Tochtergesellschaften in Deutschland, Finnland und Indien. Wir haben an allen drei Standorten registrierte Unternehmen: Nurse Finder GmbH, Nurse Finder Oy und Nurse Finder India.<\/h5><h5>Durch die Integration unserer Aktivit\u00e4ten sowohl in den Herkunfts- als auch in den Ziell\u00e4ndern k\u00f6nnen wir seit 2020 sowohl Kunden als auch Arbeitssuchenden stets ma\u00dfgeschneiderte und qualitativ hochwertige Dienstleistungen anbieten.<\/h5>\n\t\t\t\t\t<\/div>\n\t\t\t\t\t\t<\/div>\n\t\t\t\t<\/div>\n\t\t\t\t<\/div>\n\t\t<div class=\"elementor-element elementor-element-a4c8de5 e-con-full e-flex wd-section-disabled e-con e-child\" data-id=\"a4c8de5\" data-element_type=\"container\" data-e-type=\"container\">\n\t\t\t\t<div class=\"elementor-element elementor-element-edfa5b9 elementor-widget elementor-widget-spacer\" data-id=\"edfa5b9\" data-element_type=\"widget\" data-e-type=\"widget\" data-widget_type=\"spacer.default\">\n\t\t\t\t<div class=\"elementor-widget-container\">\n\t\t\t\t\t\t\t<div class=\"elementor-spacer\">\n\t\t\t<div class=\"elementor-spacer-inner\"><\/div>\n\t\t<\/div>\n\t\t\t\t\t\t<\/div>\n\t\t\t\t<\/div>\n\t\t\t\t<div class=\"elementor-element elementor-element-695fdcd class=&quot; img-thumbnail&quot; elementor-widget elementor-widget-wd_image_or_svg\" data-id=\"695fdcd\" data-element_type=\"widget\" data-e-type=\"widget\" id=\"class=&quot; img-thumbnail&quot;\" data-widget_type=\"wd_image_or_svg.default\">\n\t\t\t\t<div class=\"elementor-widget-container\">\n\t\t\t\t\t\n\t\t<div class=\"wd-image text-left\">\n\t\t\t\t\t\t\t\t<img fetchpriority=\"high\" decoding=\"async\" width=\"2982\" height=\"1465\" src=\"https:\/\/nursefinder.eu\/wp-content\/uploads\/2023\/09\/Timeline-1.png\" class=\"attachment-full size-full\" alt=\"\" srcset=\"https:\/\/nursefinder.eu\/wp-content\/uploads\/2023\/09\/Timeline-1.png 2982w, https:\/\/nursefinder.eu\/wp-content\/uploads\/2023\/09\/Timeline-1-400x197.png 400w, https:\/\/nursefinder.eu\/wp-content\/uploads\/2023\/09\/Timeline-1-1300x639.png 1300w, https:\/\/nursefinder.eu\/wp-content\/uploads\/2023\/09\/Timeline-1-768x377.png 768w, https:\/\/nursefinder.eu\/wp-content\/uploads\/2023\/09\/Timeline-1-1536x755.png 1536w, https:\/\/nursefinder.eu\/wp-content\/uploads\/2023\/09\/Timeline-1-2048x1006.png 2048w, https:\/\/nursefinder.eu\/wp-content\/uploads\/2023\/09\/Timeline-1-860x423.png 860w, https:\/\/nursefinder.eu\/wp-content\/uploads\/2023\/09\/Timeline-1-430x211.png 430w, https:\/\/nursefinder.eu\/wp-content\/uploads\/2023\/09\/Timeline-1-700x344.png 700w, https:\/\/nursefinder.eu\/wp-content\/uploads\/2023\/09\/Timeline-1-150x74.png 150w\" sizes=\"(max-width: 2982px) 100vw, 2982px\" \/>\t\t\t\t\t<\/div>\n\n\t\t\t\t\t\t<\/div>\n\t\t\t\t<\/div>\n\t\t\t\t<\/div>\n\t\t\t\t\t<\/div>\n\t\t\t\t<\/div>\n\t\t<div class=\"elementor-element elementor-element-227345d e-flex e-con-boxed wd-section-disabled e-con e-parent\" data-id=\"227345d\" data-element_type=\"container\" data-e-type=\"container\">\n\t\t\t\t\t<div class=\"e-con-inner\">\n\t\t<div class=\"elementor-element elementor-element-f7da741 e-con-full e-flex wd-section-disabled e-con e-child\" data-id=\"f7da741\" data-element_type=\"container\" data-e-type=\"container\">\n\t\t\t\t<div class=\"elementor-element elementor-element-eeb64d1 elementor-widget elementor-widget-image\" data-id=\"eeb64d1\" data-element_type=\"widget\" data-e-type=\"widget\" data-widget_type=\"image.default\">\n\t\t\t\t<div class=\"elementor-widget-container\">\n\t\t\t\t\t\t\t\t\t\t\t\t\t\t\t<img decoding=\"async\" src=\"https:\/\/nursefinder.eu\/wp-content\/uploads\/elementor\/thumbs\/Martin-Neuse-qchy2op9bb4gmj8s2fifg1b2dfrsrjsw75v7x2knfk.png\" title=\"Jenny Neuse\" alt=\"Martin Neuse\" loading=\"lazy\" \/>\t\t\t\t\t\t\t\t\t\t\t\t\t\t\t<\/div>\n\t\t\t\t<\/div>\n\t\t\t\t<div class=\"elementor-element elementor-element-900e4f3 elementor-widget elementor-widget-wd_title\" data-id=\"900e4f3\" data-element_type=\"widget\" data-e-type=\"widget\" data-widget_type=\"wd_title.default\">\n\t\t\t\t<div class=\"elementor-widget-container\">\n\t\t\t\t\t\t\t<div class=\"title-wrapper set-mb-s reset-last-child wd-title-color-default wd-title-style-default wd-title-size-small text-center\">\n\n\t\t\t\n\t\t\t<div class=\"liner-continer\">\n\t\t\t\t<h4 class=\"woodmart-title-container title wd-fontsize-m\">Jenny Neuse<\/h4> \n\t\t\t\t\t\t\t<\/div>\n\n\t\t\t\t\t\t\t<div class=\"title-after_title set-cont-mb-s reset-last-child wd-fontsize-xs\">\n\t\t\t\t\t<h5>\u00a0<b>Director Business Development<\/b><\/h5><p><b>Nurse Finder Europe GmbH<\/b><\/p><p>\u00a0<\/p><p>+49 1515 8888 663\u00a0<\/p><p>martin.neuse(at)nursefinder.eu<\/p><p>\u00a0<\/p>\t\t\t\t<\/div>\n\t\t\t\t\t<\/div>\n\t\t\t\t\t\t<\/div>\n\t\t\t\t<\/div>\n\t\t\t\t<\/div>\n\t\t<div class=\"elementor-element elementor-element-02766c5 e-con-full e-flex wd-section-disabled e-con e-child\" data-id=\"02766c5\" data-element_type=\"container\" data-e-type=\"container\">\n\t\t\t\t<div class=\"elementor-element elementor-element-9dc8125 elementor-widget elementor-widget-image\" data-id=\"9dc8125\" data-element_type=\"widget\" data-e-type=\"widget\" data-widget_type=\"image.default\">\n\t\t\t\t<div class=\"elementor-widget-container\">\n\t\t\t\t\t\t\t\t\t\t\t\t\t\t\t<img decoding=\"async\" width=\"144\" height=\"144\" src=\"https:\/\/nursefinder.eu\/wp-content\/uploads\/2023\/09\/Madhavan-Pillai.png\" class=\"attachment-full size-full wp-image-15840\" alt=\"\" \/>\t\t\t\t\t\t\t\t\t\t\t\t\t\t\t<\/div>\n\t\t\t\t<\/div>\n\t\t\t\t<div class=\"elementor-element elementor-element-2fe915d elementor-widget elementor-widget-wd_title\" data-id=\"2fe915d\" data-element_type=\"widget\" data-e-type=\"widget\" data-widget_type=\"wd_title.default\">\n\t\t\t\t<div class=\"elementor-widget-container\">\n\t\t\t\t\t\t\t<div class=\"title-wrapper set-mb-s reset-last-child wd-title-color-default wd-title-style-default wd-title-size-small text-center\">\n\n\t\t\t\n\t\t\t<div class=\"liner-continer\">\n\t\t\t\t<h4 class=\"woodmart-title-container title wd-fontsize-m\">Madhavan Pillai<\/h4> \n\t\t\t\t\t\t\t<\/div>\n\n\t\t\t\t\t\t\t<div class=\"title-after_title set-cont-mb-s reset-last-child wd-fontsize-xs\">\n\t\t\t\t\t<h5>\u00a0<b>Chairman, Board of Advisors<\/b><\/h5><p><span style=\"font-style: normal;font-weight: bold;font-family: Poppins, Arial, Helvetica, sans-serif;font-size: 14px\">Nurse Finder Europe GmbH<\/span><\/p><p>\u00a0<\/p><p>+91 95000 45410 \/ +358 44 240 3800<\/p><p>madhavan(at)nursefinder.eu<\/p><p>\u00a0<\/p>\t\t\t\t<\/div>\n\t\t\t\t\t<\/div>\n\t\t\t\t\t\t<\/div>\n\t\t\t\t<\/div>\n\t\t\t\t<\/div>\n\t\t<div class=\"elementor-element elementor-element-fb575bb e-con-full e-flex wd-section-disabled e-con e-child\" data-id=\"fb575bb\" data-element_type=\"container\" data-e-type=\"container\">\n\t\t\t\t<div class=\"elementor-element elementor-element-e3b3778 elementor-widget elementor-widget-image\" data-id=\"e3b3778\" data-element_type=\"widget\" data-e-type=\"widget\" data-widget_type=\"image.default\">\n\t\t\t\t<div class=\"elementor-widget-container\">\n\t\t\t\t\t\t\t\t\t\t\t\t\t\t\t<img decoding=\"async\" src=\"https:\/\/nursefinder.eu\/wp-content\/uploads\/elementor\/thumbs\/438d4c08-scaled-qldstj2uomljqw2c362oa4dtvk08bpinwcey37k528.jpg\" title=\"438d4c08\" alt=\"438d4c08\" loading=\"lazy\" \/>\t\t\t\t\t\t\t\t\t\t\t\t\t\t\t<\/div>\n\t\t\t\t<\/div>\n\t\t\t\t<div class=\"elementor-element elementor-element-d1985a4 elementor-widget elementor-widget-wd_title\" data-id=\"d1985a4\" data-element_type=\"widget\" data-e-type=\"widget\" data-widget_type=\"wd_title.default\">\n\t\t\t\t<div class=\"elementor-widget-container\">\n\t\t\t\t\t\t\t<div class=\"title-wrapper set-mb-s reset-last-child wd-title-color-default wd-title-style-default wd-title-size-small text-center\">\n\n\t\t\t\n\t\t\t<div class=\"liner-continer\">\n\t\t\t\t<h4 class=\"woodmart-title-container title wd-fontsize-m\">Jenny Neuse<\/h4> \n\t\t\t\t\t\t\t<\/div>\n\n\t\t\t\t\t\t\t<div class=\"title-after_title set-cont-mb-s reset-last-child wd-fontsize-xs\">\n\t\t\t\t\t<p><b>Director Business Development<\/b><\/p><p><b>Nurse Finder Europe GmbH<\/b><\/p><p>\u00a0<\/p><p><span style=\"font-size: 14px;background-color: var(--wd-main-bgcolor)\">+49 1515 8888 662<\/span><\/p><p>jenny.neuse(at)nursefinder.de<\/p><p>\u00a0<\/p>\t\t\t\t<\/div>\n\t\t\t\t\t<\/div>\n\t\t\t\t\t\t<\/div>\n\t\t\t\t<\/div>\n\t\t\t\t<\/div>\n\t\t<div class=\"elementor-element elementor-element-14104e3 e-con-full e-flex wd-section-disabled e-con e-child\" data-id=\"14104e3\" data-element_type=\"container\" data-e-type=\"container\">\n\t\t\t\t<div class=\"elementor-element elementor-element-73b7cbf elementor-widget elementor-widget-image\" data-id=\"73b7cbf\" data-element_type=\"widget\" data-e-type=\"widget\" data-widget_type=\"image.default\">\n\t\t\t\t<div class=\"elementor-widget-container\">\n\t\t\t\t\t\t\t\t\t\t\t\t\t\t\t<img decoding=\"async\" src=\"https:\/\/nursefinder.eu\/wp-content\/uploads\/2023\/09\/Martin.jpeg\" title=\"\" alt=\"\" loading=\"lazy\" \/>\t\t\t\t\t\t\t\t\t\t\t\t\t\t\t<\/div>\n\t\t\t\t<\/div>\n\t\t\t\t<div class=\"elementor-element elementor-element-ebdc310 elementor-widget elementor-widget-image\" data-id=\"ebdc310\" data-element_type=\"widget\" data-e-type=\"widget\" data-widget_type=\"image.default\">\n\t\t\t\t<div class=\"elementor-widget-container\">\n\t\t\t\t\t\t\t\t\t\t\t\t\t\t\t<img decoding=\"async\" src=\"https:\/\/nursefinder.eu\/wp-content\/uploads\/elementor\/thumbs\/Maija-Virta-qchev3y2yieoixspdzr3f1x04mgqgjai46ddl1zbfk.png\" title=\"Maija Virta\" alt=\"Maija Virta\" loading=\"lazy\" \/>\t\t\t\t\t\t\t\t\t\t\t\t\t\t\t<\/div>\n\t\t\t\t<\/div>\n\t\t\t\t<div class=\"elementor-element elementor-element-a903d7f elementor-widget elementor-widget-wd_title\" data-id=\"a903d7f\" data-element_type=\"widget\" data-e-type=\"widget\" data-widget_type=\"wd_title.default\">\n\t\t\t\t<div class=\"elementor-widget-container\">\n\t\t\t\t\t\t\t<div class=\"title-wrapper set-mb-s reset-last-child wd-title-color-default wd-title-style-default wd-title-size-small text-center\">\n\n\t\t\t\n\t\t\t<div class=\"liner-continer\">\n\t\t\t\t<h4 class=\"woodmart-title-container title wd-fontsize-m\">Maija Virta<\/h4> \n\t\t\t\t\t\t\t<\/div>\n\n\t\t\t\t\t\t\t<div class=\"title-after_title set-cont-mb-s reset-last-child wd-fontsize-xs\">\n\t\t\t\t\t<p><b>Strategic Planning<\/b><\/p><p><b>Nurse Finder<\/b><br \/><br \/><\/p><p><span style=\"font-size: 14px;background-color: var(--wd-main-bgcolor)\">+91 95918 62912 \/ +358 41 3198747<\/span><\/p><p>maija(at)nursefinder.fi<\/p>\t\t\t\t<\/div>\n\t\t\t\t\t<\/div>\n\t\t\t\t\t\t<\/div>\n\t\t\t\t<\/div>\n\t\t\t\t<\/div>\n\t\t<div class=\"elementor-element elementor-element-2330298 e-con-full e-flex wd-section-disabled e-con e-child\" data-id=\"2330298\" data-element_type=\"container\" data-e-type=\"container\">\n\t\t\t\t<div class=\"elementor-element elementor-element-09ec514 elementor-widget elementor-widget-image\" data-id=\"09ec514\" data-element_type=\"widget\" data-e-type=\"widget\" data-widget_type=\"image.default\">\n\t\t\t\t<div class=\"elementor-widget-container\">\n\t\t\t\t\t\t\t\t\t\t\t\t\t\t\t<img decoding=\"async\" src=\"https:\/\/nursefinder.eu\/wp-content\/uploads\/2023\/09\/Biji-Pradeep.jpeg\" title=\"\" alt=\"\" loading=\"lazy\" \/>\t\t\t\t\t\t\t\t\t\t\t\t\t\t\t<\/div>\n\t\t\t\t<\/div>\n\t\t\t\t<div class=\"elementor-element elementor-element-a14ac36 elementor-widget elementor-widget-image\" data-id=\"a14ac36\" data-element_type=\"widget\" data-e-type=\"widget\" data-widget_type=\"image.default\">\n\t\t\t\t<div class=\"elementor-widget-container\">\n\t\t\t\t\t\t\t\t\t\t\t\t\t\t\t<img decoding=\"async\" src=\"https:\/\/nursefinder.eu\/wp-content\/uploads\/elementor\/thumbs\/Maiju-qldue319vs0ma9wzum4laum8k599g419o9gnkjpeow.jpg\" title=\"Maiju\" alt=\"Maiju\" loading=\"lazy\" \/>\t\t\t\t\t\t\t\t\t\t\t\t\t\t\t<\/div>\n\t\t\t\t<\/div>\n\t\t\t\t<div class=\"elementor-element elementor-element-18cf58b elementor-widget elementor-widget-wd_title\" data-id=\"18cf58b\" data-element_type=\"widget\" data-e-type=\"widget\" data-widget_type=\"wd_title.default\">\n\t\t\t\t<div class=\"elementor-widget-container\">\n\t\t\t\t\t\t\t<div class=\"title-wrapper set-mb-s reset-last-child wd-title-color-default wd-title-style-default wd-title-size-small text-center\">\n\n\t\t\t\n\t\t\t<div class=\"liner-continer\">\n\t\t\t\t<h4 class=\"woodmart-title-container title wd-fontsize-m\">Maiju Peltola<\/h4> \n\t\t\t\t\t\t\t<\/div>\n\n\t\t\t\t\t\t\t<div class=\"title-after_title set-cont-mb-s reset-last-child wd-fontsize-xs\">\n\t\t\t\t\t<h5>International relocation coordination<\/h5><p><b>Nurse Finder<\/b><br \/><br \/><\/p><p>+358 41 3103124<\/p><p>maiju(at)nursefinder.fi<\/p>\t\t\t\t<\/div>\n\t\t\t\t\t<\/div>\n\t\t\t\t\t\t<\/div>\n\t\t\t\t<\/div>\n\t\t\t\t<\/div>\n\t\t<div class=\"elementor-element elementor-element-6aaa76b e-con-full e-flex wd-section-disabled e-con e-child\" data-id=\"6aaa76b\" data-element_type=\"container\" data-e-type=\"container\">\n\t\t\t\t<div class=\"elementor-element elementor-element-7de7581 elementor-widget elementor-widget-image\" data-id=\"7de7581\" data-element_type=\"widget\" data-e-type=\"widget\" data-widget_type=\"image.default\">\n\t\t\t\t<div class=\"elementor-widget-container\">\n\t\t\t\t\t\t\t\t\t\t\t\t\t\t\t<img decoding=\"async\" src=\"https:\/\/nursefinder.eu\/wp-content\/uploads\/2023\/09\/Biji-Pradeep.jpeg\" title=\"\" alt=\"\" loading=\"lazy\" \/>\t\t\t\t\t\t\t\t\t\t\t\t\t\t\t<\/div>\n\t\t\t\t<\/div>\n\t\t\t\t<div class=\"elementor-element elementor-element-38d0066 elementor-widget elementor-widget-image\" data-id=\"38d0066\" data-element_type=\"widget\" data-e-type=\"widget\" data-widget_type=\"image.default\">\n\t\t\t\t<div class=\"elementor-widget-container\">\n\t\t\t\t\t\t\t\t\t\t\t\t\t\t\t<img decoding=\"async\" src=\"https:\/\/nursefinder.eu\/wp-content\/uploads\/elementor\/thumbs\/Megha-qepijzibreer5bsv3ohl68h3060bz17se7khv5ldpc.png\" title=\"Megha\" alt=\"Megha\" loading=\"lazy\" \/>\t\t\t\t\t\t\t\t\t\t\t\t\t\t\t<\/div>\n\t\t\t\t<\/div>\n\t\t\t\t<div class=\"elementor-element elementor-element-27367c5 elementor-widget elementor-widget-wd_title\" data-id=\"27367c5\" data-element_type=\"widget\" data-e-type=\"widget\" data-widget_type=\"wd_title.default\">\n\t\t\t\t<div class=\"elementor-widget-container\">\n\t\t\t\t\t\t\t<div class=\"title-wrapper set-mb-s reset-last-child wd-title-color-default wd-title-style-default wd-title-size-small text-center\">\n\n\t\t\t\n\t\t\t<div class=\"liner-continer\">\n\t\t\t\t<h4 class=\"woodmart-title-container title wd-fontsize-m\">Megha James<\/h4> \n\t\t\t\t\t\t\t<\/div>\n\n\t\t\t\t\t\t\t<div class=\"title-after_title set-cont-mb-s reset-last-child wd-fontsize-xs\">\n\t\t\t\t\t<h5>Recruitment Management<\/h5><span style=\"font-style: normal;font-weight: 700;font-family: Poppins, Arial, Helvetica, sans-serif;font-size: 14px\">Nurse Finder India<\/span><p>&nbsp;<\/p><p>+91 90370 83687<\/p><p>megha(at)nursefinderindia.com<\/p>\t\t\t\t<\/div>\n\t\t\t\t\t<\/div>\n\t\t\t\t\t\t<\/div>\n\t\t\t\t<\/div>\n\t\t\t\t<\/div>\n\t\t\t\t\t<\/div>\n\t\t\t\t<\/div>\n\t\t<div class=\"elementor-element elementor-element-ed4538e e-flex e-con-boxed wd-section-disabled e-con e-parent\" data-id=\"ed4538e\" data-element_type=\"container\" data-e-type=\"container\">\n\t\t\t\t\t<div class=\"e-con-inner\">\n\t\t\t\t<div class=\"elementor-element elementor-element-9e1f551 elementor-widget elementor-widget-button\" data-id=\"9e1f551\" data-element_type=\"widget\" data-e-type=\"widget\" data-widget_type=\"button.default\">\n\t\t\t\t<div class=\"elementor-widget-container\">\n\t\t\t\t\t\t\t\t\t<div class=\"elementor-button-wrapper\">\n\t\t\t\t\t<a class=\"elementor-button elementor-button-link elementor-size-sm\" href=\"https:\/\/nursefinder.eu\/de\/contact-us\/\">\n\t\t\t\t\t\t<span class=\"elementor-button-content-wrapper\">\n\t\t\t\t\t\t\t\t\t<span class=\"elementor-button-text\">Mehr erfahren<\/span>\n\t\t\t\t\t<\/span>\n\t\t\t\t\t<\/a>\n\t\t\t\t<\/div>\n\t\t\t\t\t\t\t\t<\/div>\n\t\t\t\t<\/div>\n\t\t\t\t\t<\/div>\n\t\t\t\t<\/div>\n\t\t\t\t<\/div>","protected":false},"excerpt":{"rendered":"<p>Nurse Finder We offer recruitment services to healthcare providers in Europe, specializing in the fair and ethical recruitment of healthcare<\/p>","protected":false},"author":1,"featured_media":0,"parent":0,"menu_order":0,"comment_status":"closed","ping_status":"closed","template":"","meta":{"footnotes":""},"class_list":["post-4400","page","type-page","status-publish","hentry"],"_links":{"self":[{"href":"https:\/\/nursefinder.eu\/de\/wp-json\/wp\/v2\/pages\/4400","targetHints":{"allow":["GET"]}}],"collection":[{"href":"https:\/\/nursefinder.eu\/de\/wp-json\/wp\/v2\/pages"}],"about":[{"href":"https:\/\/nursefinder.eu\/de\/wp-json\/wp\/v2\/types\/page"}],"author":[{"embeddable":true,"href":"https:\/\/nursefinder.eu\/de\/wp-json\/wp\/v2\/users\/1"}],"replies":[{"embeddable":true,"href":"https:\/\/nursefinder.eu\/de\/wp-json\/wp\/v2\/comments?post=4400"}],"version-history":[{"count":125,"href":"https:\/\/nursefinder.eu\/de\/wp-json\/wp\/v2\/pages\/4400\/revisions"}],"predecessor-version":[{"id":16344,"href":"https:\/\/nursefinder.eu\/de\/wp-json\/wp\/v2\/pages\/4400\/revisions\/16344"}],"wp:attachment":[{"href":"https:\/\/nursefinder.eu\/de\/wp-json\/wp\/v2\/media?parent=4400"}],"curies":[{"name":"wp","href":"https:\/\/api.w.org\/{rel}","templated":true}]}}