{"id":45,"date":"2021-08-26T12:21:44","date_gmt":"2021-08-26T12:21:44","guid":{"rendered":"http:\/\/dummy.xtemos.com\/woodmart2\/elementor\/?page_id=45"},"modified":"2024-07-19T11:09:26","modified_gmt":"2024-07-19T11:09:26","slug":"as-a-nurse","status":"publish","type":"page","link":"https:\/\/nursefinder.eu\/de\/as-a-nurse\/","title":{"rendered":"Fachkr\u00e4fte"},"content":{"rendered":"<div data-elementor-type=\"wp-page\" data-elementor-id=\"45\" class=\"elementor elementor-45\">\n\t\t\t\t<div class=\"elementor-element elementor-element-741d7c2 e-flex e-con-boxed wd-section-disabled e-con e-parent\" data-id=\"741d7c2\" data-element_type=\"container\" data-e-type=\"container\">\n\t\t\t\t\t<div class=\"e-con-inner\">\n\t\t\t\t<div class=\"elementor-element elementor-element-4dfb22d elementor-widget elementor-widget-wd_text_block\" data-id=\"4dfb22d\" data-element_type=\"widget\" data-e-type=\"widget\" data-widget_type=\"wd_text_block.default\">\n\t\t\t\t<div class=\"elementor-widget-container\">\n\t\t\t\t\t\t\t<div class=\"wd-text-block reset-last-child text-left\">\n\t\t\t\n\t\t\t<h1 style=\"text-align: center;\"><span style=\"color: #c55a11;\">Es ist nur eine Zusage Ihrerseits erforderlich<\/span><\/h1>\n\t\t\t\t\t<\/div>\n\t\t\t\t\t\t<\/div>\n\t\t\t\t<\/div>\n\t\t\t\t<div class=\"elementor-element elementor-element-5a1e332 elementor-widget elementor-widget-wd_text_block\" data-id=\"5a1e332\" data-element_type=\"widget\" data-e-type=\"widget\" data-widget_type=\"wd_text_block.default\">\n\t\t\t\t<div class=\"elementor-widget-container\">\n\t\t\t\t\t\t\t<div class=\"wd-text-block reset-last-child text-left\">\n\t\t\t\n\t\t\t<p><span style=\"font-size: 14px; background-color: var(--wd-main-bgcolor); color: var(--wd-text-color);\">Unser Programm bietet Ihnen einen Arbeitsplatz und die M\u00f6glichkeit der Qualifizierung zur voll anerkannten Pflegefachkraft in Deutschland. <\/span>Wir haben alle Details zusammengestellt, es ist nur eine Zusage Ihrerseits erforderlich<span style=\"color: #4472c4;\"> <strong>\u2013 Sie m\u00fcssen nur die Sprache lernen.<\/strong><\/span><\/p>\n\t\t\t\t\t<\/div>\n\t\t\t\t\t\t<\/div>\n\t\t\t\t<\/div>\n\t\t\t\t<div class=\"elementor-element elementor-element-81b6548 elementor-widget elementor-widget-wd_image_or_svg\" data-id=\"81b6548\" data-element_type=\"widget\" data-e-type=\"widget\" data-widget_type=\"wd_image_or_svg.default\">\n\t\t\t\t<div class=\"elementor-widget-container\">\n\t\t\t\t\t\n\t\t<div class=\"wd-image text-left\">\n\t\t\t\t\t\t\t\t<img fetchpriority=\"high\" decoding=\"async\" width=\"1531\" height=\"220\" src=\"https:\/\/nursefinder.eu\/wp-content\/uploads\/2023\/12\/Many-Indian-nurses.png\" class=\"attachment-full size-full\" alt=\"\" srcset=\"https:\/\/nursefinder.eu\/wp-content\/uploads\/2023\/12\/Many-Indian-nurses.png 1531w, https:\/\/nursefinder.eu\/wp-content\/uploads\/2023\/12\/Many-Indian-nurses-400x57.png 400w, https:\/\/nursefinder.eu\/wp-content\/uploads\/2023\/12\/Many-Indian-nurses-1300x187.png 1300w, https:\/\/nursefinder.eu\/wp-content\/uploads\/2023\/12\/Many-Indian-nurses-768x110.png 768w, https:\/\/nursefinder.eu\/wp-content\/uploads\/2023\/12\/Many-Indian-nurses-860x124.png 860w, https:\/\/nursefinder.eu\/wp-content\/uploads\/2023\/12\/Many-Indian-nurses-430x62.png 430w, https:\/\/nursefinder.eu\/wp-content\/uploads\/2023\/12\/Many-Indian-nurses-700x101.png 700w, https:\/\/nursefinder.eu\/wp-content\/uploads\/2023\/12\/Many-Indian-nurses-150x22.png 150w\" sizes=\"(max-width: 1531px) 100vw, 1531px\" \/>\t\t\t\t\t<\/div>\n\n\t\t\t\t\t\t<\/div>\n\t\t\t\t<\/div>\n\t\t\t\t\t<\/div>\n\t\t\t\t<\/div>\n\t\t<div class=\"elementor-element elementor-element-edcdf6d e-flex e-con-boxed wd-section-disabled e-con e-parent\" data-id=\"edcdf6d\" data-element_type=\"container\" data-e-type=\"container\">\n\t\t\t\t\t<div class=\"e-con-inner\">\n\t\t\t\t<div class=\"elementor-element elementor-element-2253ded elementor-widget elementor-widget-wd_text_block\" data-id=\"2253ded\" data-element_type=\"widget\" data-e-type=\"widget\" data-widget_type=\"wd_text_block.default\">\n\t\t\t\t<div class=\"elementor-widget-container\">\n\t\t\t\t\t\t\t<div class=\"wd-text-block reset-last-child text-left\">\n\t\t\t\n\t\t\t<h4><span style=\"color: #c55a11;\"><strong>Deutsche Sprachkenntnis<\/strong><\/span><\/h4><p>Deutsche Sprachkenntnisse sind die Voraussetzung f\u00fcr Jobs im Sozial- und Gesundheitswesen in Deutschland. Daher muss der Kandidat vor der Registrierung als deutscher Krankenpfleger das Sprachniveau B2 und vor der Beantragung eines Visums f\u00fcr Deutschland mindestens B1 erf\u00fcllen.<\/p><p>Dem Kandidaten steht es frei, einen Sprachkurs Anbieter zu w\u00e4hlen, solange die Ausbildung den Qualit\u00e4tsstandards f\u00fcr Sprachtraining entspricht, die von der Association of Language Testers in Europe festgelegt wurden.<\/p><p>Nurse Finder empfiehlt die Santrupti European Education and Training Foundation als Anbieter von Deutschkursen.<\/p>\n\t\t\t\t\t<\/div>\n\t\t\t\t\t\t<\/div>\n\t\t\t\t<\/div>\n\t\t\t\t<div class=\"elementor-element elementor-element-b51fbd6 elementor-widget elementor-widget-wd_text_block\" data-id=\"b51fbd6\" data-element_type=\"widget\" data-e-type=\"widget\" data-widget_type=\"wd_text_block.default\">\n\t\t\t\t<div class=\"elementor-widget-container\">\n\t\t\t\t\t\t\t<div class=\"wd-text-block reset-last-child text-left\">\n\t\t\t\n\t\t\t<h4><span style=\"color: #c55a11;\"><strong>Besch\u00e4ftigung in Deutschland<\/strong><\/span><\/h4><p>Nurse Finder verbindet Sie je nach Wunsch vor oder w\u00e4hrend Ihres Sprachstudiums mit deutschen Krankenh\u00e4usern oder Pflegeinrichtungen. Ihren Arbeitsvertrag erhalten Sie bereits vor Beginn des Umzugsprozesses. Die Besch\u00e4ftigung beginnt als Assistenzkrankenschwester oder Pflegekraft in einem deutschen Krankenhaus oder einer station\u00e4ren Pflegeeinrichtung. Ihr Arbeitgeber hat wird ein Orientierungsprogramm vorbereiten f\u00fcr die bessere Eingliederung in die lokale Arbeitskultur.<\/p><p>Die Menschen, die Sprache und die Traditionen machen die deutsche Kultur einzigartig. Deutschland ist die gr\u00f6\u00dfte Volkswirtschaft Europas. Die deutsche Sprache wird von \u00fcber 100 Millionen Menschen in sechs L\u00e4ndern Europas gesprochen. Alle diese deutschsprachigen L\u00e4nder geh\u00f6ren zu den 20 medizinisch fortschrittlichsten L\u00e4nder der Welt.<\/p><p>Die Jobchancen in Deutschland und den umliegenden Regionen sowie die Geh\u00e4lter (Grundgeh\u00e4lter ab 2300 Euro) sind besser als in vielen anderen europ\u00e4ischen L\u00e4ndern. \u201ePflegefachmann\/Pflegefachfrau\u201c ist in Deutschland ein Ausbildungsberuf. Mit einem akademischen Abschluss geh\u00f6ren Sie zu den am besten ausgebildeten Krankenpflegern in Deutschland, da nur 2 % der deutschen Krankenpfleger \u00fcber einen akademischen Abschluss in Krankenpflege verf\u00fcgen. Daher bietet Ihnen Ihr Krankenpflegeabschluss hervorragende Karriereaussichten.<\/p><p>Deshalb bietet Ihnen das Erlernen der deutschen Sprache enorme Berufschancen und die M\u00f6glichkeit, mit Ihrer Familie in Deutschland zu leben.<\/p><p>Mehr \u00fcber Berufe im Gesundheitswesen und die Vorteile des Lebens und Arbeitens in Deutschland erfahren Sie im Informationspaket der KDA im Rahmen des G\u00fctesiegelprogramms \u201eFair Recruitment Healthcare Germany\u201c.<\/p>\n\t\t\t\t\t<\/div>\n\t\t\t\t\t\t<\/div>\n\t\t\t\t<\/div>\n\t\t\t\t<div class=\"elementor-element elementor-element-a8be028 elementor-widget elementor-widget-wd_text_block\" data-id=\"a8be028\" data-element_type=\"widget\" data-e-type=\"widget\" data-widget_type=\"wd_text_block.default\">\n\t\t\t\t<div class=\"elementor-widget-container\">\n\t\t\t\t\t\t\t<div class=\"wd-text-block reset-last-child text-left\">\n\t\t\t\n\t\t\t<h4><span style=\"color: #c55a11;\"><strong>Deutscher Berufsanerkennung als Pflegefachfrau \/ Pflegefachmann<\/strong><\/span><\/h4><p>Der Arbeitgeber in Deutschland organisiert f\u00fcr Sie in den ersten 6 bis 18 Monaten Ihrer Anstellung kostenlos alle notwendigen Schulungen am Arbeitsplatz, um die Qualifikationspr\u00fcfungen zu bestehen. Wenn Sie alle Ihre Kompetenzpr\u00fcfungen bestanden haben und \u00fcber das Pflegesprachzertifikat B2 des Goethe-Instituts verf\u00fcgen, k\u00f6nnen Sie sich f\u00fcr den Abschluss \u201ePflegefachmann\/Pflegefachfrau\u201c bewerben.<\/p>\n\t\t\t\t\t<\/div>\n\t\t\t\t\t\t<\/div>\n\t\t\t\t<\/div>\n\t\t\t\t<div class=\"elementor-element elementor-element-5e2a8da elementor-button-info elementor-align-center elementor-widget elementor-widget-button\" data-id=\"5e2a8da\" data-element_type=\"widget\" data-e-type=\"widget\" data-widget_type=\"button.default\">\n\t\t\t\t<div class=\"elementor-widget-container\">\n\t\t\t\t\t<style>.elementor-element-5e2a8da{display:none !important}<\/style>\t\t\t\t<\/div>\n\t\t\t\t<\/div>\n\t\t\t\t<div class=\"elementor-element elementor-element-c7d3e9e elementor-button-info elementor-align-center elementor-widget elementor-widget-button\" data-id=\"c7d3e9e\" data-element_type=\"widget\" data-e-type=\"widget\" data-widget_type=\"button.default\">\n\t\t\t\t<div class=\"elementor-widget-container\">\n\t\t\t\t\t\t\t\t\t<div class=\"elementor-button-wrapper\">\n\t\t\t\t\t<a class=\"elementor-button elementor-button-link elementor-size-xs\" href=\"https:\/\/nursefinder.eu\/wp-content\/uploads\/2024\/05\/2024_Infobroschuere_DE_f_May_2024.pdf\" target=\"_blank\">\n\t\t\t\t\t\t<span class=\"elementor-button-content-wrapper\">\n\t\t\t\t\t\t<span class=\"elementor-button-icon\">\n\t\t\t\t<i aria-hidden=\"true\" class=\"far fa-arrow-alt-circle-down\"><\/i>\t\t\t<\/span>\n\t\t\t\t\t\t\t\t\t<span class=\"elementor-button-text\">DOWNLOAD Faire Anwerbung Pflege Deutschland Info<\/span>\n\t\t\t\t\t<\/span>\n\t\t\t\t\t<\/a>\n\t\t\t\t<\/div>\n\t\t\t\t\t\t\t\t<\/div>\n\t\t\t\t<\/div>\n\t\t\t\t<div class=\"elementor-element elementor-element-9b5434d elementor-button-info elementor-align-center elementor-widget elementor-widget-button\" data-id=\"9b5434d\" data-element_type=\"widget\" data-e-type=\"widget\" data-widget_type=\"button.default\">\n\t\t\t\t<div class=\"elementor-widget-container\">\n\t\t\t\t\t\t\t\t\t<div class=\"elementor-button-wrapper\">\n\t\t\t\t\t<a class=\"elementor-button elementor-button-link elementor-size-xs\" href=\"https:\/\/www.bamf.de\/SharedDocs\/Anlagen\/EN\/Integration\/WillkommenDeutschland\/willkommen-in-deutschland.html?nn=282388\" target=\"_blank\">\n\t\t\t\t\t\t<span class=\"elementor-button-content-wrapper\">\n\t\t\t\t\t\t<span class=\"elementor-button-icon\">\n\t\t\t\t<i aria-hidden=\"true\" class=\"far fa-arrow-alt-circle-down\"><\/i>\t\t\t<\/span>\n\t\t\t\t\t\t\t\t\t<span class=\"elementor-button-text\">DOWNLOAD Welcome to Germany Leaflet<\/span>\n\t\t\t\t\t<\/span>\n\t\t\t\t\t<\/a>\n\t\t\t\t<\/div>\n\t\t\t\t\t\t\t\t<\/div>\n\t\t\t\t<\/div>\n\t\t\t\t\t<\/div>\n\t\t\t\t<\/div>\n\t\t<div class=\"elementor-element elementor-element-439b94a e-flex e-con-boxed wd-section-disabled e-con e-parent\" data-id=\"439b94a\" data-element_type=\"container\" data-e-type=\"container\">\n\t\t\t\t\t<div class=\"e-con-inner\">\n\t\t\t\t<div class=\"elementor-element elementor-element-361528f elementor-widget elementor-widget-button\" data-id=\"361528f\" data-element_type=\"widget\" data-e-type=\"widget\" data-widget_type=\"button.default\">\n\t\t\t\t<div class=\"elementor-widget-container\">\n\t\t\t\t\t\t\t\t\t<div class=\"elementor-button-wrapper\">\n\t\t\t\t\t<a class=\"elementor-button elementor-button-link elementor-size-sm\" href=\"https:\/\/nursefinder.eu\/de\/our-approach\/\">\n\t\t\t\t\t\t<span class=\"elementor-button-content-wrapper\">\n\t\t\t\t\t\t\t\t\t<span class=\"elementor-button-text\">Mehr erfahren<\/span>\n\t\t\t\t\t<\/span>\n\t\t\t\t\t<\/a>\n\t\t\t\t<\/div>\n\t\t\t\t\t\t\t\t<\/div>\n\t\t\t\t<\/div>\n\t\t\t\t\t<\/div>\n\t\t\t\t<\/div>\n\t\t\t\t<\/div>","protected":false},"excerpt":{"rendered":"<p>Only One Commitment is Needed Our program provides You with a job in Germany and qualifies You to become a<\/p>","protected":false},"author":1,"featured_media":0,"parent":0,"menu_order":0,"comment_status":"closed","ping_status":"closed","template":"","meta":{"footnotes":""},"class_list":["post-45","page","type-page","status-publish","hentry"],"_links":{"self":[{"href":"https:\/\/nursefinder.eu\/de\/wp-json\/wp\/v2\/pages\/45","targetHints":{"allow":["GET"]}}],"collection":[{"href":"https:\/\/nursefinder.eu\/de\/wp-json\/wp\/v2\/pages"}],"about":[{"href":"https:\/\/nursefinder.eu\/de\/wp-json\/wp\/v2\/types\/page"}],"author":[{"embeddable":true,"href":"https:\/\/nursefinder.eu\/de\/wp-json\/wp\/v2\/users\/1"}],"replies":[{"embeddable":true,"href":"https:\/\/nursefinder.eu\/de\/wp-json\/wp\/v2\/comments?post=45"}],"version-history":[{"count":83,"href":"https:\/\/nursefinder.eu\/de\/wp-json\/wp\/v2\/pages\/45\/revisions"}],"predecessor-version":[{"id":16439,"href":"https:\/\/nursefinder.eu\/de\/wp-json\/wp\/v2\/pages\/45\/revisions\/16439"}],"wp:attachment":[{"href":"https:\/\/nursefinder.eu\/de\/wp-json\/wp\/v2\/media?parent=45"}],"curies":[{"name":"wp","href":"https:\/\/api.w.org\/{rel}","templated":true}]}}