{"id":60,"date":"2021-08-26T12:26:53","date_gmt":"2021-08-26T12:26:53","guid":{"rendered":"http:\/\/dummy.xtemos.com\/woodmart2\/elementor\/?page_id=60"},"modified":"2024-07-21T05:54:35","modified_gmt":"2024-07-21T05:54:35","slug":"our-approach","status":"publish","type":"page","link":"https:\/\/nursefinder.eu\/de\/our-approach\/","title":{"rendered":"Ansatz"},"content":{"rendered":"<div data-elementor-type=\"wp-page\" data-elementor-id=\"60\" class=\"elementor elementor-60\">\n\t\t\t\t<div class=\"elementor-element elementor-element-e88e362 e-flex e-con-boxed wd-section-disabled e-con e-parent\" data-id=\"e88e362\" data-element_type=\"container\" data-e-type=\"container\">\n\t\t\t\t\t<div class=\"e-con-inner\">\n\t\t\t\t<div class=\"elementor-element elementor-element-bd44a78 elementor-widget elementor-widget-wd_text_block\" data-id=\"bd44a78\" data-element_type=\"widget\" data-e-type=\"widget\" data-widget_type=\"wd_text_block.default\">\n\t\t\t\t<div class=\"elementor-widget-container\">\n\t\t\t\t\t\t\t<div class=\"wd-text-block reset-last-child text-left\">\n\t\t\t\n\t\t\t<h1 style=\"margin-bottom: 0px; font-style: normal; font-variant-ligatures: normal; font-variant-caps: normal; font-weight: var(--wd-title-font-weight); font-family: Poppins, Arial, Helvetica, sans-serif; text-transform: none; text-align: center;\"><span style=\"font-size: 28px; color: #c55a11;\">Betriebspraktiken von Nurse Finder<\/span><\/h1>\n\t\t\t\t\t<\/div>\n\t\t\t\t\t\t<\/div>\n\t\t\t\t<\/div>\n\t\t\t\t<div class=\"elementor-element elementor-element-8309b85 elementor-widget elementor-widget-wd_text_block\" data-id=\"8309b85\" data-element_type=\"widget\" data-e-type=\"widget\" data-widget_type=\"wd_text_block.default\">\n\t\t\t\t<div class=\"elementor-widget-container\">\n\t\t\t\t\t\t\t<div class=\"wd-text-block reset-last-child text-left\">\n\t\t\t\n\t\t\t<h4 style=\"margin-bottom: var(--wd-tags-mb); font-style: normal; font-variant-ligatures: normal; font-variant-caps: normal; font-weight: var(--wd-title-font-weight); font-family: Poppins, Arial, Helvetica, sans-serif; text-transform: none;\"><span style=\"font-weight: 600; font-size: 18px;\"><span style=\"font-size: 18px; color: #c55a11;\">Ethische und faire Anwerbung<\/span><\/span><\/h4><p style=\"margin-bottom: var(--wd-tags-mb); font-style: normal; font-variant-ligatures: normal; font-variant-caps: normal; font-weight: 400; font-family: Poppins, Arial, Helvetica, sans-serif; font-size: 14px; color: #777777; text-align: left;\">Die Betriebspraktiken von Nurse Finder sind sowohl f\u00fcr indische Krankenschwestern als auch f\u00fcr unsere Kunden und Gesch\u00e4ftspartner fair und ethisch. Wir respektieren nicht nur die ethischen Normen der deutschen Gesellschaft, sondern auch die ethischen Grunds\u00e4tze Indiens.\u00a0Wir bekennen uns zu den Grunds\u00e4tzen des G\u00fctesiegels \u201e<a href=\"https:\/\/www.faire-anwerbung-pflege-deutschland.de\/\">Faire Anwerbung Pflege Deutschland\", dem Globalen Verhaltenskodex der WHO f\u00fcr die internationale Rekrutierung von Gesundheitspersonal, den allgemeinen Grunds\u00e4tzen und operativen Richtlinien f\u00fcr faire Rekrutierung der Internationalen Arbeitsorganisation ILO, den ILO Kernarbeitsnormen sowie der inter<\/a>nationalen UN-<a href=\"https:\/\/www.who.int\/publications\/i\/item\/wha68.32\">Menschenrechtskonvention und den UN-Leitprinzipien und f\u00fcr Wirtschaft und Menschenrechte. W<\/a>ir arbeiten nur mit Arbeitgebern und G<a href=\"https:\/\/www.ilo.org\/sites\/default\/files\/wcmsp5\/groups\/public\/@ed_protect\/@protrav\/@migrant\/documents\/publication\/wcms_703485.pdf\">esch\u00e4ftspartnern zusamm<\/a>men, die sich den<a href=\"https:\/\/www.un.org\/en\/global-issues\/human-rights#:~:text=It%20sets%20out%2C%20for%20the,States%20and%20many%20new%20democracies.\">selben Grunds\u00e4tzen verpflichten<\/a>. Weitere Informationen finden Sie in den Allgemeinen Gesch\u00e4fts<a href=\"https:\/\/www.ohchr.org\/sites\/default\/files\/Documents\/Publications\/GuidingPrinciplesBusinessHR_EN.pdf\">be<\/a>dingungen v<a href=\"https:\/\/www.ilo.org\/international-labour-standards\/publications-international-labour-standards\">on Nurse<\/a>finder (Link in der Fu\u00dfzeile).<\/p>\n\t\t\t\t\t<\/div>\n\t\t\t\t\t\t<\/div>\n\t\t\t\t<\/div>\n\t\t\t\t<div class=\"elementor-element elementor-element-00b012b elementor-widget elementor-widget-wd_text_block\" data-id=\"00b012b\" data-element_type=\"widget\" data-e-type=\"widget\" data-widget_type=\"wd_text_block.default\">\n\t\t\t\t<div class=\"elementor-widget-container\">\n\t\t\t\t\t\t\t<div class=\"wd-text-block reset-last-child text-left\">\n\t\t\t\n\t\t\t<h4><span style=\"color: #c55a11;\"><strong>Leitprinzipien<\/strong><\/span><\/h4><p>Die Gesch\u00e4ftst\u00e4tigkeit von Nurse Finder orientiert sich an den folgenden sechs Grunds\u00e4tzen:<\/p><ul><li><strong>Schriftlichkeit zur \u00dcberpr\u00fcfbarkeit<\/strong>: Vertr\u00e4ge, Vermittlungsbedingungen, Allgemeine Gesch\u00e4ftsbedingungen, Einstellungsbedingungen, konkrete Stellenangebote und Informationen f\u00fcr Bewerber m\u00fcssen schriftlich festgehalten werden.<\/li><li><strong>Unentgeltlichkeit des Vermittlungsprozesses f\u00fcr Pflegefachpersonen<\/strong>: Durch die Verpflichtung zur Einhaltung des Arbeitgeberprinzips wird sichergestellt, dass die Arbeitgeber f\u00fcr die erforderlichen Sprachtrainings und Kompensationsma\u00dfnahmen sowie die direkten Kosten der Vermittlung aufkommen.<\/li><li><strong>Begrenzung des wirtschaftlichen Risikos f\u00fcr Pflegefachpersonen<\/strong>: Das unternehmerische Risiko einer Vermittlung im Ausland darf nur begrenzt auf die Pflegekraft umgelegt werden.<\/li><li><strong>Transparenz zu Strukturen, Leistungen und Kosten<\/strong>: Alle am Vermittlungsprozess beteiligten Parteien m\u00fcssen jederzeit selbstst\u00e4ndig, eigenverantwortlich und umfassend informiert entscheiden k\u00f6nnen und als gleichberechtigte Partner auf Augenh\u00f6he verstanden werden.<\/li><li><strong>Nachhaltigkeit und Partizipation<\/strong>: Fehlende Struktur und eine passive Haltung der Arbeitgeber im Rekrutierungsprozess k\u00f6nnen dazu f\u00fchren, dass neu eingestellte Mitarbeiter nur f\u00fcr kurze Zeit gehalten werden.<\/li><li><strong>Gesamtverantwortung<\/strong>: Alle Beteiligten sollten sich vor der tats\u00e4chlichen Umsetzung der gro\u00dfen Verantwortung bewusst sein, die mit der internationalen Rekrutierung verbunden ist.<\/li><\/ul>\n\t\t\t\t\t<\/div>\n\t\t\t\t\t\t<\/div>\n\t\t\t\t<\/div>\n\t\t\t\t<div class=\"elementor-element elementor-element-b7a23fa elementor-widget elementor-widget-wd_text_block\" data-id=\"b7a23fa\" data-element_type=\"widget\" data-e-type=\"widget\" data-widget_type=\"wd_text_block.default\">\n\t\t\t\t<div class=\"elementor-widget-container\">\n\t\t\t\t\t\t\t<div class=\"wd-text-block reset-last-child text-left\">\n\t\t\t\n\t\t\t<h4><span style=\"color: #c55a11;\"><strong>Unterst\u00fctzung und Feedback<\/strong><\/span><\/h4><p>Ein und dasselbe Nurse Finder Team leistet Unterst\u00fctzung und Hilfestellung sowohl w\u00e4hrend der Ausbildungszeit vor dem Umzug und auch ein Jahr nach dem Umzug der Pflegekraft nach Deutschland. Das Personal von Nurse Finder in Indien und Deutschland ist innerhalb der B\u00fcrozeiten per WhatsApp, Telefon und E-Mail erreichbar. Wir unterst\u00fctzen Pflegekr\u00e4fte beim D-Visum-Prozess und allen gesetzlichen Registrierungen in Deutschland.<\/p><p>Nurse Finder verf\u00fcgt \u00fcber ein Online-Feedback-System. Eventuelle Beschwerden werden sp\u00e4testens innerhalb von drei Wochen beantwortet. Als Fachkraft oder Vertreter eines Arbeitgebers m\u00fcssen Sie lediglich Ihr Feedback auf der Kontaktseite hinterlassen, und wir werden uns bei Ihnen melden.<\/p>\n\t\t\t\t\t<\/div>\n\t\t\t\t\t\t<\/div>\n\t\t\t\t<\/div>\n\t\t\t\t<div class=\"elementor-element elementor-element-e8e0351 elementor-widget elementor-widget-wd_text_block\" data-id=\"e8e0351\" data-element_type=\"widget\" data-e-type=\"widget\" data-widget_type=\"wd_text_block.default\">\n\t\t\t\t<div class=\"elementor-widget-container\">\n\t\t\t\t\t\t\t<div class=\"wd-text-block reset-last-child text-left\">\n\t\t\t\n\t\t\t<h4><span style=\"color: #c55a11;\"><strong>Datensicherheit<\/strong><\/span><\/h4><p>Die pers\u00f6nlichen Daten von Pflegekr\u00e4ften werden in der Online-Rekrutierungsplattform von Nurse Finder gespeichert. Nurse Finder ergreift geeignete Ma\u00dfnahmen, um sicherzustellen, dass personenbezogene Daten sicher aufbewahrt werden, einschlie\u00dflich Sicherheitsma\u00dfnahmen, um zu verhindern, dass sie versehentlich verloren gehen oder auf unbefugte Weise verwendet oder darauf zugegriffen wird. Nurse Finder beschr\u00e4nkt den Zugriff auf die pers\u00f6nlichen Daten der Krankenschwester auf diejenigen, die ein echtes gesch\u00e4ftliches Bed\u00fcrfnis haben, darauf zuzugreifen. Die Datenverarbeiter werden dies nur in autorisierter Weise tun und unterliegen der Verpflichtung zur Vertraulichkeit.<\/p><p>Die Daten, die Nurse Finder von Krankenschwestern sammelt, werden nur innerhalb und auf Ger\u00e4ten gespeichert, die sich physisch innerhalb der EU\/des EWR oder eines Drittlandes befinden, das von der Europ\u00e4ischen Kommission als angemessen eingestuft wird. Mit der \u00dcbermittlung seiner pers\u00f6nlichen Daten erkl\u00e4rt sich die Pflegekraft mit der Speicherung und Verarbeitung ihrer Daten einverstanden. Auf schriftlichen Antrag der Pflegekraft an Nurse Finder werden ihre\/seine personenbezogenen Daten gel\u00f6scht.<\/p>\n\t\t\t\t\t<\/div>\n\t\t\t\t\t\t<\/div>\n\t\t\t\t<\/div>\n\t\t\t\t<div class=\"elementor-element elementor-element-f1fd524 elementor-widget elementor-widget-wd_text_block\" data-id=\"f1fd524\" data-element_type=\"widget\" data-e-type=\"widget\" data-widget_type=\"wd_text_block.default\">\n\t\t\t\t<div class=\"elementor-widget-container\">\n\t\t\t\t\t\t\t<div class=\"wd-text-block reset-last-child text-left\">\n\t\t\t\n\t\t\t<h4><span style=\"color: #c55a11;\">Beendigung des Prozesses<\/span><\/h4><p>Die Pflegekraft hat das Recht, jederzeit vor oder nach dem Umzug aus dem Verfahren zur\u00fcckzutreten, und es gibt keine weiteren Verpflichtungen zu erf\u00fcllen, als Nurse Finder schriftlich \u00fcber ihre Entscheidung zum R\u00fccktritt zu informieren, und es bestehen f\u00fcr die Pflegekraft keine R\u00fcckzahlungsanforderungen in einer solchen Situation. Falls die Pflegekraft bereits eine Anstellung in Deutschland begonnen hat, muss sie\/er die im Arbeitsvertrag und Tarifvertrag festgelegten K\u00fcndigungsverfahren und Fristen einhalten (normalerweise 4 Wochen K\u00fcndigungsfrist nach den ersten 6 Monaten der Anstellung).<\/p><p>Kandidaten, die das Verfahren abbrechen und bereits \u00fcber einen Arbeitsvertrag oder ein bedingtes Stellenangebot des Arbeitgebers verf\u00fcgen, erhalten die Sprachtrainingsgeb\u00fchr, die \u00dcbersetzungsgeb\u00fchren und die Bearbeitungsgeb\u00fchren f\u00fcr das Visum zur\u00fcckerstattet, sofern der Kandidat Nurse Finder schriftlich dar\u00fcber informiert und einen Antrag gestellt hat die R\u00fcckerstattung innerhalb von 14 Tagen nach Beendigung aus folgenden Gr\u00fcnden: a) Das Sprachtraining wird w\u00e4hrend der ersten 50 Unterrichtseinheiten abgebrochen (Hinweis: Die Unterrichtseinheit dauert 45 Minuten), b) wenn das Programm aus gesundheitlichen Gr\u00fcnden abgebrochen werden muss ( Hinweis: Bescheinigung des renommierten Krankenhauses erforderlich), c) bei Schwangerschaft (Hinweis: Bescheinigung des renommierten Krankenhauses erforderlich), d) bei h\u00f6herer Gewalt, e) bei Verlust eines nahen Familienangeh\u00f6rigen (Ehepartner, Vater des Kandidaten, Mutter des Kandidaten, eigene Kinder, Geschwister, die noch Teil derselben Familie sind und unter 18 Jahre alt sind) oder f) Nurse Finder, Arbeitgeber und\/oder ein anderer Gesch\u00e4ftspartner von ihnen h\u00e4lt sich nicht an die Regeln von RAL-G\u00fctesiegel.<\/p><p>Nurse Finder und\/oder der Arbeitgeber behalten sich das Recht vor, die RTR-Vereinbarung und\/oder das Stellenangebotsschreiben und\/oder den Arbeitsvertrag zu k\u00fcndigen, wenn: a) die vom Kandidaten gemachten Angaben falsch sind, b) der Kandidat die Sprachpr\u00fcfungen nicht besteht vor dem Umzug, c) der Kandidat nicht arbeitsf\u00e4hig ist oder den PCC w\u00e4hrend des Weggangs nicht erbringen kann, d) der Kandidat den Interessen von Nurse Finder oder dem Arbeitgeber abtr\u00e4glich ist, sich negativ auf die Beziehung von Nurse Finder zu potenziellen Arbeitgebern auswirkt, in Verruf ger\u00e4t oder sich negativ auswirkt den allgemeinen Ruf oder die gesch\u00e4ftliche Stellung von Nurse Finder beeintr\u00e4chtigen und\/oder in einer Weise handeln, die sich negativ auf seinen\/ihren Ruf bei der Anstellung auswirkt. Im Falle einer K\u00fcndigung aus den oben genannten Gr\u00fcnden werden dem Kandidaten keine Geb\u00fchren oder Kosten erstattet.<\/p>\n\t\t\t\t\t<\/div>\n\t\t\t\t\t\t<\/div>\n\t\t\t\t<\/div>\n\t\t\t\t<div class=\"elementor-element elementor-element-b4f342f elementor-widget elementor-widget-wd_text_block\" data-id=\"b4f342f\" data-element_type=\"widget\" data-e-type=\"widget\" data-widget_type=\"wd_text_block.default\">\n\t\t\t\t<div class=\"elementor-widget-container\">\n\t\t\t\t\t\t\t<div class=\"wd-text-block reset-last-child text-left\">\n\t\t\t\n\t\t\t<h4><span style=\"color: #c55a11;\"><strong>Kosten des Vermittlungsprozesses<\/strong><\/span><\/h4><p>Nurse Finder folgt dem Employer-Pays-Prinzip. Daher werden alle Kosten, die der Pflegekraft w\u00e4hrend des Prozesses anfallen, erstattet, sobald sie ihre Anstellung in Deutschland antritt und ein deutsches Bankkonto er\u00f6ffnet hat.<\/p><p>Kosten, die zun\u00e4chst vom Kandidaten an verschiedenen Dienstleister gezahlt und vom Personalvermittler nach tats\u00e4chlichem Aufwand an den Kandidaten zur\u00fcckerstattet werden (Zahlungsnachweis erforderlich):<\/p><ul><li>Sprachkursgeb\u00fchr f\u00fcr Niveau B1 <strong>bis zu INR 100.000<\/strong> oder f\u00fcr Niveau B2 <strong>bis zu INR 140.000<\/strong> bis zu einem Jahr r\u00fcckwirkend ab dem Datum der Unterzeichnung des deutschen Arbeitsvertrages.<\/li><li>Die Sprachpr\u00fcfung B1 in Indien (<strong>maximum INR 20.000<\/strong>) und die Sprachpr\u00fcfung B2 in Indien (<strong>maximum INR 22.000<\/strong>). Die akzeptierten Tests sind Goethe-Institut, TELC Deutsch und TestDaF.<\/li><li>Visageb\u00fchr und VFS-Servicegeb\u00fchr gem\u00e4\u00df den tats\u00e4chlichen Angaben.<\/li><li>\u00dcbersetzungskosten f\u00fcr die folgenden Dokumente: a) Bildungszertifikat und -abschrift, b) Krankenpflegelizenz und c) Arbeitszeugnisse (aktuellsten 3), Gesundheitscheck und Gesundheitszeugnisse, polizeiliches F\u00fchrungszeugnis, lokale Reisekosten zu VFS, Goethe-Institut und dem Abflugflughafen nach Deutschland sowie Reiseversicherung, die auch die Gesundheitskosten f\u00fcr die ersten drei Monate in Deutschland abdeckt (<strong>maximum INR 60.000<\/strong>).<\/li><\/ul><p>Kosten, die vom Personalvermittler bezahlt werden und f\u00fcr den Kandidaten kostenlos sind:<\/p><ul><li>Flugkosten von Indien nach Deutschland<\/li><li>Gleichwertigkeitspr\u00fcfung der Bildungs- und Arbeitszeugnisse durch deutsche Beh\u00f6rden<\/li><li>Lokale Reisekosten vom Flughafen zur Unterkunft in Deutschland<\/li><\/ul><p>Kosten, die vom Arbeitgeber bezahlt werden und f\u00fcr den Kandidaten kostenlos sind:<\/p><ul><li>Erforderliche berufliche Orientierung und Schulung<\/li><li>Kenntnispr\u00fcfungen<\/li><li>Sprachkurs auf Niveau B2 (incl. B2 Pflege) in Deutschland sofern erforderlich<\/li><li>B2-Sprachpr\u00fcfung, sofern in Deutschland abgelegt<\/li><\/ul><p>Kosten, die zun\u00e4chst vom europ\u00e4ischen Personalvermittler oder dem Arbeitgeber bezahlt und vom Kandidaten entweder vor dem Umzug eingezogen oder in Raten vom Gehalt abgezogen werden:<\/p><ul><li>Kosten f\u00fcr Unterkunft: erste 2 Monatsmieten, Strom und Wasser sowie Mietkaution, Geb\u00e4udeversicherung und Grundausstattung (sofern es sich nicht um eine m\u00f6blierte Wohnung handelt)<\/li><\/ul>\n\t\t\t\t\t<\/div>\n\t\t\t\t\t\t<\/div>\n\t\t\t\t<\/div>\n\t\t\t\t\t<\/div>\n\t\t\t\t<\/div>\n\t\t<div class=\"elementor-element elementor-element-2d8cf29 e-flex e-con-boxed wd-section-disabled e-con e-parent\" data-id=\"2d8cf29\" data-element_type=\"container\" data-e-type=\"container\">\n\t\t\t\t\t<div class=\"e-con-inner\">\n\t\t\t\t<div class=\"elementor-element elementor-element-bca17c5 elementor-widget elementor-widget-wd_button\" data-id=\"bca17c5\" data-element_type=\"widget\" data-e-type=\"widget\" data-widget_type=\"wd_button.default\">\n\t\t\t\t<div class=\"elementor-widget-container\">\n\t\t\t\t\t<style>.elementor-element-bca17c5{display:none !important}<\/style>\t\t\t\t<\/div>\n\t\t\t\t<\/div>\n\t\t\t\t<div class=\"elementor-element elementor-element-02fb24b elementor-widget elementor-widget-wd_button\" data-id=\"02fb24b\" data-element_type=\"widget\" data-e-type=\"widget\" data-widget_type=\"wd_button.default\">\n\t\t\t\t<div class=\"elementor-widget-container\">\n\t\t\t\t\t\t\t<div class=\"wd-button-wrapper text-center\" >\n\t\t\t<a class=\"btn btn-style-default btn-style-rectangle btn-size-default btn-color-default btn-icon-pos-right\"  href=\"https:\/\/nursefinder.eu\/wp-content\/uploads\/2024\/07\/Nurse-Finder-General-Business-Terms-and-Conditions-July-2024-DE.pdf\" target=\"_blank\">\n\t\t\t\t<span class=\"wd-btn-text\" data-elementor-setting-key=\"text\">\n\t\t\t\t\tALLGEMEINE GESCH\u00c4FTSBEDINGUNGEN (AGB)  VON NURSE FINDER \t\t\t\t<\/span>\n\n\t\t\t\t\t\t\t<\/a>\n\t\t<\/div>\n\t\t\t\t\t\t<\/div>\n\t\t\t\t<\/div>\n\t\t\t\t\t<\/div>\n\t\t\t\t<\/div>\n\t\t<div class=\"elementor-element elementor-element-1161c4a e-flex e-con-boxed wd-section-disabled e-con e-parent\" data-id=\"1161c4a\" data-element_type=\"container\" data-e-type=\"container\">\n\t\t\t\t\t<div class=\"e-con-inner\">\n\t\t\t\t<div class=\"elementor-element elementor-element-372702f elementor-widget elementor-widget-button\" data-id=\"372702f\" data-element_type=\"widget\" data-e-type=\"widget\" data-widget_type=\"button.default\">\n\t\t\t\t<div class=\"elementor-widget-container\">\n\t\t\t\t\t\t\t\t\t<div class=\"elementor-button-wrapper\">\n\t\t\t\t\t<a class=\"elementor-button elementor-button-link elementor-size-sm\" href=\"https:\/\/nursefinder.eu\/de\/our-process\/\">\n\t\t\t\t\t\t<span class=\"elementor-button-content-wrapper\">\n\t\t\t\t\t\t\t\t\t<span class=\"elementor-button-text\">Mehr erfahren<\/span>\n\t\t\t\t\t<\/span>\n\t\t\t\t\t<\/a>\n\t\t\t\t<\/div>\n\t\t\t\t\t\t\t\t<\/div>\n\t\t\t\t<\/div>\n\t\t\t\t\t<\/div>\n\t\t\t\t<\/div>\n\t\t\t\t<\/div>","protected":false},"excerpt":{"rendered":"<p>Nurse Finder&#8217;s Operational Practices Ethical and Fair Recruitment Nurse Finder&#8217;s operational practices are fair and ethical for Indian nurses as<\/p>","protected":false},"author":1,"featured_media":0,"parent":0,"menu_order":0,"comment_status":"closed","ping_status":"closed","template":"","meta":{"footnotes":""},"class_list":["post-60","page","type-page","status-publish","hentry"],"_links":{"self":[{"href":"https:\/\/nursefinder.eu\/de\/wp-json\/wp\/v2\/pages\/60","targetHints":{"allow":["GET"]}}],"collection":[{"href":"https:\/\/nursefinder.eu\/de\/wp-json\/wp\/v2\/pages"}],"about":[{"href":"https:\/\/nursefinder.eu\/de\/wp-json\/wp\/v2\/types\/page"}],"author":[{"embeddable":true,"href":"https:\/\/nursefinder.eu\/de\/wp-json\/wp\/v2\/users\/1"}],"replies":[{"embeddable":true,"href":"https:\/\/nursefinder.eu\/de\/wp-json\/wp\/v2\/comments?post=60"}],"version-history":[{"count":50,"href":"https:\/\/nursefinder.eu\/de\/wp-json\/wp\/v2\/pages\/60\/revisions"}],"predecessor-version":[{"id":16463,"href":"https:\/\/nursefinder.eu\/de\/wp-json\/wp\/v2\/pages\/60\/revisions\/16463"}],"wp:attachment":[{"href":"https:\/\/nursefinder.eu\/de\/wp-json\/wp\/v2\/media?parent=60"}],"curies":[{"name":"wp","href":"https:\/\/api.w.org\/{rel}","templated":true}]}}